{"id":16293,"date":"2018-02-15T11:07:53","date_gmt":"2018-02-15T10:07:53","guid":{"rendered":"https:\/\/morz.vamtam.com\/?page_id=16293"},"modified":"2021-05-19T10:15:21","modified_gmt":"2021-05-19T08:15:21","slug":"blog","status":"publish","type":"page","link":"https:\/\/www.iashandling.aero\/es\/blog\/","title":{"rendered":"Blog"},"content":{"rendered":"\n\t<meta itemprop=\"datePublished\" content=\"2021-04-19\" \/><meta itemprop=\"dateModified\" content=\"2021-04-19\" \/><meta itemprop=\"name\" content=\"IAS Handling\"><meta itemprop=\"url\" content=\"http:\/\/www.iashandling.aero\/es\/\"><meta itemprop=\"url\" content=\"http:\/\/www.iashandling.aero\/wp-content\/uploads\/2019\/05\/logo-ias.svg\"><meta itemprop=\"url\" content=\"http:\/\/www.iashandling.aero\/es\/author\/admin\/\" \/><meta itemprop=\"name\" content=\"admin\" \/><meta itemprop=\"url\" content=\"http:\/\/www.iashandling.aero\/wp-content\/uploads\/2021\/04\/coverPlotBarajas.jpg\" \/><meta itemprop=\"width\" content=\"1260\" \/><meta itemprop=\"height\" content=\"772\" \/><meta itemprop=\"interactionType\" content=\"http:\/\/schema.org\/CommentAction\" \/><meta itemprop=\"userInteractionCount\" content=\"0\" \/>\t\n\t\t\t\t\t\t\t\t\t\t\t\t\t<a href=\"http:\/\/www.iashandling.aero\/es\/ias-handling-resulta-finalmente-adjudicataria-para-la-nueva-parcela-en-barajas\/\" title=\"IAS Handling resulta finalmente adjudicataria para la nueva parcela en Barajas\">\n\t\t\t\t\t\t\t\t\t<img decoding=\"async\" width=\"420\" height=\"323\" src=\"http:\/\/www.iashandling.aero\/wp-content\/uploads\/2021\/04\/coverPlotBarajas-420x323.jpg\" alt=\"\" loading=\"lazy\" srcset=\"data:image\/svg+xml;utf8,&lt;svg%20xmlns=&quot;http:\/\/www.w3.org\/2000\/svg&quot;%20viewBox=&quot;0%200%20420%20323&quot;%20height=&quot;323px&quot;%20width=&quot;420px&quot;\/&gt;\" data-srcset=\"http:\/\/www.iashandling.aero\/wp-content\/uploads\/2021\/04\/coverPlotBarajas-420x323.jpg 420w, http:\/\/www.iashandling.aero\/wp-content\/uploads\/2021\/04\/coverPlotBarajas-630x484.jpg 630w, http:\/\/www.iashandling.aero\/wp-content\/uploads\/2021\/04\/coverPlotBarajas-840x646.jpg 840w, http:\/\/www.iashandling.aero\/wp-content\/uploads\/2021\/04\/coverPlotBarajas-315x242.jpg 315w\" sizes=\"(min-width: 900px) 50vw, 100vw\" data-attachment-id=\"19504\" data-permalink=\"http:\/\/www.iashandling.aero\/es\/coverplotbarajas-2\/\" data-orig-file=\"http:\/\/www.iashandling.aero\/wp-content\/uploads\/2021\/04\/coverPlotBarajas.jpg\" data-orig-size=\"1260,772\" data-comments-opened=\"0\" data-image-meta=\"{&quot;aperture&quot;:&quot;0&quot;,&quot;credit&quot;:&quot;&quot;,&quot;camera&quot;:&quot;&quot;,&quot;caption&quot;:&quot;&quot;,&quot;created_timestamp&quot;:&quot;0&quot;,&quot;copyright&quot;:&quot;&quot;,&quot;focal_length&quot;:&quot;0&quot;,&quot;iso&quot;:&quot;0&quot;,&quot;shutter_speed&quot;:&quot;0&quot;,&quot;title&quot;:&quot;&quot;,&quot;orientation&quot;:&quot;0&quot;}\" data-image-title=\"coverPlotBarajas\" data-image-description=\"\" data-medium-file=\"http:\/\/www.iashandling.aero\/wp-content\/uploads\/2021\/04\/coverPlotBarajas-300x184.jpg\" data-large-file=\"http:\/\/www.iashandling.aero\/wp-content\/uploads\/2021\/04\/coverPlotBarajas-1024x627.jpg\" \/>\t\t\t\t\t\t\t\t\t<\/a>\n\t\t\t\t<header>\n\t\t\t\t\t\t\t\t<h2>\n\t\t\t\t\t<a href=\"http:\/\/www.iashandling.aero\/es\/ias-handling-resulta-finalmente-adjudicataria-para-la-nueva-parcela-en-barajas\/\" title=\"IAS Handling resulta finalmente adjudicataria para la nueva parcela en Barajas\">IAS Handling resulta finalmente adjudicataria para la nueva parcela en Barajas<\/a>\n\t\t\t\t<\/h2>\n\t\t<\/header>\n\t\t<a href=\"http:\/\/www.iashandling.aero\/es\/ias-handling-resulta-finalmente-adjudicataria-para-la-nueva-parcela-en-barajas\/\" title=\"IAS Handling resulta finalmente adjudicataria para la nueva parcela en Barajas\">\n\t\t\t19 abril, 2021\t\t<\/a>\n\t<a href=\"http:\/\/www.iashandling.aero\/wp-admin\/post.php?post=19513&#038;action=edit&#038;lang=es\">&#57353;Edit<\/a>\n\tVea la noticia en nuestra p\u00e1gina de Linkedin IAS Handling ha resultado adjudicataria de la concesi\u00f3n a 30 a\u00f1os para la construcci\u00f3n y explotaci\u00f3n de una nueva nave en primera l\u00ednea en el Aeropuerto Adolfo Su\u00e1rez \u2013 Madrid Barajas. Sinergias entre Barcelona y Madrid Este paso adelante permite que la compa\u00f1\u00eda pueda ofrecer las sinergias&#8230;\n\t<nav>\n\t\t\t&#57452; Category <a href=\"http:\/\/www.iashandling.aero\/es\/category\/prensa\/\" rel=\"category tag\">Prensa<\/a>\n\t\t\t&#57483; Tags <a href=\"http:\/\/www.iashandling.aero\/es\/tag\/cargaaerea\/\" rel=\"tag\">cargaaerea<\/a>, <a href=\"http:\/\/www.iashandling.aero\/es\/tag\/iashandling-es\/\" rel=\"tag\">iashandling<\/a>, <a href=\"http:\/\/www.iashandling.aero\/es\/tag\/mercancias\/\" rel=\"tag\">mercancias<\/a>, <a href=\"http:\/\/www.iashandling.aero\/es\/tag\/nuevocontrato\/\" rel=\"tag\">nuevocontrato<\/a>\t\t\n\t<\/nav>\n\t<meta itemprop=\"datePublished\" content=\"2020-05-23\" \/><meta itemprop=\"dateModified\" content=\"2021-01-15\" \/><meta itemprop=\"name\" content=\"IAS Handling\"><meta itemprop=\"url\" content=\"http:\/\/www.iashandling.aero\/es\/\"><meta itemprop=\"url\" content=\"http:\/\/www.iashandling.aero\/wp-content\/uploads\/2019\/05\/logo-ias.svg\"><meta itemprop=\"url\" content=\"http:\/\/www.iashandling.aero\/es\/author\/admin\/\" \/><meta itemprop=\"name\" content=\"admin\" \/><meta itemprop=\"url\" content=\"http:\/\/www.iashandling.aero\/wp-content\/uploads\/2020\/05\/coverCrisisSanitaria.jpg\" \/><meta itemprop=\"width\" content=\"4671\" \/><meta itemprop=\"height\" content=\"2862\" \/><meta itemprop=\"interactionType\" content=\"http:\/\/schema.org\/CommentAction\" \/><meta itemprop=\"userInteractionCount\" content=\"0\" \/>\t\n\t\t\t\t\t\t\t\t\t\t\t\t\t<a href=\"http:\/\/www.iashandling.aero\/es\/ias-handling-involucrado-en-el-corredor-sanitario-para-mantener-su-actividad-durante-la-crisis\/\" title=\"IAS Handling involucrado en el corredor sanitario para mantener su actividad durante la crisis\">\n\t\t\t\t\t\t\t\t\t<img decoding=\"async\" width=\"420\" height=\"323\" src=\"http:\/\/www.iashandling.aero\/wp-content\/uploads\/2020\/05\/coverCrisisSanitaria-420x323.jpg\" alt=\"\" loading=\"lazy\" srcset=\"data:image\/svg+xml;utf8,&lt;svg%20xmlns=&quot;http:\/\/www.w3.org\/2000\/svg&quot;%20viewBox=&quot;0%200%20420%20323&quot;%20height=&quot;323px&quot;%20width=&quot;420px&quot;\/&gt;\" data-srcset=\"http:\/\/www.iashandling.aero\/wp-content\/uploads\/2020\/05\/coverCrisisSanitaria-420x323.jpg 420w, http:\/\/www.iashandling.aero\/wp-content\/uploads\/2020\/05\/coverCrisisSanitaria-1260x969.jpg 1260w, http:\/\/www.iashandling.aero\/wp-content\/uploads\/2020\/05\/coverCrisisSanitaria-630x484.jpg 630w, http:\/\/www.iashandling.aero\/wp-content\/uploads\/2020\/05\/coverCrisisSanitaria-840x646.jpg 840w, http:\/\/www.iashandling.aero\/wp-content\/uploads\/2020\/05\/coverCrisisSanitaria-315x242.jpg 315w\" sizes=\"(min-width: 900px) 50vw, 100vw\" data-attachment-id=\"18929\" data-permalink=\"http:\/\/www.iashandling.aero\/es\/covercrisissanitaria-2\/\" data-orig-file=\"http:\/\/www.iashandling.aero\/wp-content\/uploads\/2020\/05\/coverCrisisSanitaria.jpg\" data-orig-size=\"4671,2862\" data-comments-opened=\"0\" data-image-meta=\"{&quot;aperture&quot;:&quot;0&quot;,&quot;credit&quot;:&quot;&quot;,&quot;camera&quot;:&quot;&quot;,&quot;caption&quot;:&quot;&quot;,&quot;created_timestamp&quot;:&quot;0&quot;,&quot;copyright&quot;:&quot;&quot;,&quot;focal_length&quot;:&quot;0&quot;,&quot;iso&quot;:&quot;0&quot;,&quot;shutter_speed&quot;:&quot;0&quot;,&quot;title&quot;:&quot;&quot;,&quot;orientation&quot;:&quot;0&quot;}\" data-image-title=\"coverCrisisSanitaria\" data-image-description=\"\" data-medium-file=\"http:\/\/www.iashandling.aero\/wp-content\/uploads\/2020\/05\/coverCrisisSanitaria-300x184.jpg\" data-large-file=\"http:\/\/www.iashandling.aero\/wp-content\/uploads\/2020\/05\/coverCrisisSanitaria-1024x627.jpg\" \/>\t\t\t\t\t\t\t\t\t<\/a>\n\t\t\t\t<header>\n\t\t\t\t\t\t\t\t<h2>\n\t\t\t\t\t<a href=\"http:\/\/www.iashandling.aero\/es\/ias-handling-involucrado-en-el-corredor-sanitario-para-mantener-su-actividad-durante-la-crisis\/\" title=\"IAS Handling involucrado en el corredor sanitario para mantener su actividad durante la crisis\">IAS Handling involucrado en el corredor sanitario para mantener su actividad durante la crisis<\/a>\n\t\t\t\t<\/h2>\n\t\t<\/header>\n\t\t<a href=\"http:\/\/www.iashandling.aero\/es\/ias-handling-involucrado-en-el-corredor-sanitario-para-mantener-su-actividad-durante-la-crisis\/\" title=\"IAS Handling involucrado en el corredor sanitario para mantener su actividad durante la crisis\">\n\t\t\t23 mayo, 2020\t\t<\/a>\n\t<a href=\"http:\/\/www.iashandling.aero\/wp-admin\/post.php?post=18939&#038;action=edit&#038;lang=es\">&#57353;Edit<\/a>\n\tVea la noticia en nuestra p\u00e1gina de Linkedin IAS Handling ha coordinado el handling de carga en destino en Barcelona y Madrid de m\u00e1s de 25 aviones cargueros, con una media de entre 500 y 600 metros c\u00fabicos de material sanitario en cada vuelo, desde que se desat\u00f3 la pandemia del Covid-19. \u201dHemos gestionado hasta&#8230;\n\t<nav>\n\t\t\t&#57452; Category <a href=\"http:\/\/www.iashandling.aero\/es\/category\/prensa\/\" rel=\"category tag\">Prensa<\/a>\n\t\t\t<\/nav>\n\t<meta itemprop=\"datePublished\" content=\"2019-11-14\" \/><meta itemprop=\"dateModified\" content=\"2020-04-21\" \/><meta itemprop=\"name\" content=\"IAS Handling\"><meta itemprop=\"url\" content=\"http:\/\/www.iashandling.aero\/es\/\"><meta itemprop=\"url\" content=\"http:\/\/www.iashandling.aero\/wp-content\/uploads\/2019\/05\/logo-ias.svg\"><meta itemprop=\"url\" content=\"http:\/\/www.iashandling.aero\/es\/author\/admin\/\" \/><meta itemprop=\"name\" content=\"admin\" \/><meta itemprop=\"url\" content=\"http:\/\/www.iashandling.aero\/wp-content\/uploads\/2019\/11\/imgHead-transformDigital-1.jpg\" \/><meta itemprop=\"width\" content=\"1200\" \/><meta itemprop=\"height\" content=\"687\" \/><meta itemprop=\"interactionType\" content=\"http:\/\/schema.org\/CommentAction\" \/><meta itemprop=\"userInteractionCount\" content=\"0\" \/>\t\n\t\t\t\t\t\t\t\t\t\t\t\t\t<a href=\"http:\/\/www.iashandling.aero\/es\/transformacion-digital-con-el-apoyo-de-aryse-caso-de-exito\/\" title=\"Transformaci\u00f3n digital con el apoyo de Aryse Infraestructuras &#8211; Caso de \u00e9xito\">\n\t\t\t\t\t\t\t\t\t<img decoding=\"async\" width=\"420\" height=\"323\" src=\"http:\/\/www.iashandling.aero\/wp-content\/uploads\/2019\/11\/imgHead-transformDigital-1-420x323.jpg\" alt=\"\" loading=\"lazy\" srcset=\"data:image\/svg+xml;utf8,&lt;svg%20xmlns=&quot;http:\/\/www.w3.org\/2000\/svg&quot;%20viewBox=&quot;0%200%20420%20323&quot;%20height=&quot;323px&quot;%20width=&quot;420px&quot;\/&gt;\" data-srcset=\"http:\/\/www.iashandling.aero\/wp-content\/uploads\/2019\/11\/imgHead-transformDigital-1-420x323.jpg 420w, http:\/\/www.iashandling.aero\/wp-content\/uploads\/2019\/11\/imgHead-transformDigital-1-630x484.jpg 630w, http:\/\/www.iashandling.aero\/wp-content\/uploads\/2019\/11\/imgHead-transformDigital-1-840x646.jpg 840w, http:\/\/www.iashandling.aero\/wp-content\/uploads\/2019\/11\/imgHead-transformDigital-1-315x242.jpg 315w\" sizes=\"(min-width: 900px) 50vw, 100vw\" data-attachment-id=\"18838\" data-permalink=\"http:\/\/www.iashandling.aero\/es\/transformacion-digital-con-el-apoyo-de-aryse-caso-de-exito\/imghead-transformdigital\/\" data-orig-file=\"http:\/\/www.iashandling.aero\/wp-content\/uploads\/2019\/11\/imgHead-transformDigital-1.jpg\" data-orig-size=\"1200,687\" data-comments-opened=\"0\" data-image-meta=\"{&quot;aperture&quot;:&quot;0&quot;,&quot;credit&quot;:&quot;&quot;,&quot;camera&quot;:&quot;&quot;,&quot;caption&quot;:&quot;&quot;,&quot;created_timestamp&quot;:&quot;0&quot;,&quot;copyright&quot;:&quot;&quot;,&quot;focal_length&quot;:&quot;0&quot;,&quot;iso&quot;:&quot;0&quot;,&quot;shutter_speed&quot;:&quot;0&quot;,&quot;title&quot;:&quot;&quot;,&quot;orientation&quot;:&quot;0&quot;}\" data-image-title=\"imgHead-transformDigital\" data-image-description=\"\" data-medium-file=\"http:\/\/www.iashandling.aero\/wp-content\/uploads\/2019\/11\/imgHead-transformDigital-1-300x172.jpg\" data-large-file=\"http:\/\/www.iashandling.aero\/wp-content\/uploads\/2019\/11\/imgHead-transformDigital-1-1024x586.jpg\" \/>\t\t\t\t\t\t\t\t\t<\/a>\n\t\t\t\t<header>\n\t\t\t\t\t\t\t\t<h2>\n\t\t\t\t\t<a href=\"http:\/\/www.iashandling.aero\/es\/transformacion-digital-con-el-apoyo-de-aryse-caso-de-exito\/\" title=\"Transformaci\u00f3n digital con el apoyo de Aryse Infraestructuras &#8211; Caso de \u00e9xito\">Transformaci\u00f3n digital con el apoyo de Aryse Infraestructuras &#8211; Caso de \u00e9xito<\/a>\n\t\t\t\t<\/h2>\n\t\t<\/header>\n\t\t<a href=\"http:\/\/www.iashandling.aero\/es\/transformacion-digital-con-el-apoyo-de-aryse-caso-de-exito\/\" title=\"Transformaci\u00f3n digital con el apoyo de Aryse Infraestructuras &#8211; Caso de \u00e9xito\">\n\t\t\t14 noviembre, 2019\t\t<\/a>\n\t<a href=\"http:\/\/www.iashandling.aero\/wp-admin\/post.php?post=18811&#038;action=edit&#038;lang=es\">&#57353;Edit<\/a>\n\tIAS HANDLING SL (International Airports Service) est\u00e1 cada vez m\u00e1s implantada en Espa\u00f1a con todos los servicios aeroportuarios que aporta, su crecimiento est\u00e1 siendo exponencial a\u00f1o tras a\u00f1o. Soluciones basadas en la nube IAS Handling Para poder seguir dando el servicio y la calidad que le distingue ha realizado una transformaci\u00f3n digital total de todos&#8230;\n\t<nav>\n\t\t\t&#57452; Category <a href=\"http:\/\/www.iashandling.aero\/es\/category\/caso-de-exito\/\" rel=\"category tag\">Caso de \u00e9xito<\/a>\n\t\t\t<\/nav>\n","protected":false},"excerpt":{"rendered":"<p>IAS Handling resulta finalmente adjudicataria para la nueva parcela en Barajas 19 abril, 2021 &#57353;Edit Vea la noticia en nuestra p\u00e1gina de Linkedin IAS Handling ha resultado adjudicataria de la concesi\u00f3n a 30 a\u00f1os para la construcci\u00f3n y explotaci\u00f3n de una nueva nave en primera l\u00ednea en el Aeropuerto Adolfo Su\u00e1rez \u2013 Madrid Barajas. Sinergias&#8230;<\/p>\n","protected":false},"author":1,"featured_media":0,"parent":0,"menu_order":0,"comment_status":"closed","ping_status":"closed","template":"","meta":{"footnotes":""},"yoast_head":"<!-- This site is optimized with the Yoast SEO plugin v16.7 - https:\/\/yoast.com\/wordpress\/plugins\/seo\/ -->\n<title>Blog - IAS Handling<\/title>\n<meta name=\"robots\" content=\"index, follow, max-snippet:-1, max-image-preview:large, max-video-preview:-1\" \/>\n<link rel=\"canonical\" href=\"https:\/\/www.iashandling.aero\/es\/blog\/\" \/>\n<meta property=\"og:locale\" content=\"es_ES\" \/>\n<meta property=\"og:type\" content=\"article\" \/>\n<meta property=\"og:title\" content=\"Blog - IAS Handling\" \/>\n<meta property=\"og:description\" content=\"IAS Handling resulta finalmente adjudicataria para la nueva parcela en Barajas 19 abril, 2021 &#57353;Edit Vea la noticia en nuestra p\u00e1gina de Linkedin IAS Handling ha resultado adjudicataria de la concesi\u00f3n a 30 a\u00f1os para la construcci\u00f3n y explotaci\u00f3n de una nueva nave en primera l\u00ednea en el Aeropuerto Adolfo Su\u00e1rez \u2013 Madrid Barajas. Sinergias...\" \/>\n<meta property=\"og:url\" content=\"https:\/\/www.iashandling.aero\/es\/blog\/\" \/>\n<meta property=\"og:site_name\" content=\"IAS Handling\" \/>\n<meta property=\"article:modified_time\" content=\"2021-05-19T08:15:21+00:00\" \/>\n<meta property=\"og:image\" content=\"http:\/\/www.iashandling.aero\/wp-content\/uploads\/2021\/04\/coverPlotBarajas-420x323.jpg\" \/>\n<meta name=\"twitter:card\" content=\"summary_large_image\" \/>\n<meta name=\"twitter:label1\" content=\"Tiempo de lectura\" \/>\n\t<meta name=\"twitter:data1\" content=\"1 minuto\" \/>\n<!-- \/ Yoast SEO plugin. -->","yoast_head_json":{"title":"Blog - IAS Handling","robots":{"index":"index","follow":"follow","max-snippet":"max-snippet:-1","max-image-preview":"max-image-preview:large","max-video-preview":"max-video-preview:-1"},"canonical":"https:\/\/www.iashandling.aero\/es\/blog\/","og_locale":"es_ES","og_type":"article","og_title":"Blog - IAS Handling","og_description":"IAS Handling resulta finalmente adjudicataria para la nueva parcela en Barajas 19 abril, 2021 &#57353;Edit Vea la noticia en nuestra p\u00e1gina de Linkedin IAS Handling ha resultado adjudicataria de la concesi\u00f3n a 30 a\u00f1os para la construcci\u00f3n y explotaci\u00f3n de una nueva nave en primera l\u00ednea en el Aeropuerto Adolfo Su\u00e1rez \u2013 Madrid Barajas. Sinergias...","og_url":"https:\/\/www.iashandling.aero\/es\/blog\/","og_site_name":"IAS Handling","article_modified_time":"2021-05-19T08:15:21+00:00","og_image":[{"url":"http:\/\/www.iashandling.aero\/wp-content\/uploads\/2021\/04\/coverPlotBarajas-420x323.jpg"}],"twitter_card":"summary_large_image","twitter_misc":{"Tiempo de lectura":"1 minuto"},"schema":{"@context":"https:\/\/schema.org","@graph":[{"@type":"Organization","@id":"https:\/\/www.iashandling.aero\/es\/#organization","name":"IAS Handling","url":"https:\/\/www.iashandling.aero\/es\/","sameAs":["https:\/\/www.linkedin.com\/company\/ias-handling\/"],"logo":{"@type":"ImageObject","@id":"https:\/\/www.iashandling.aero\/es\/#logo","inLanguage":"es","url":"http:\/\/www.iashandling.aero\/wp-content\/uploads\/2021\/05\/logo-ias.svg","contentUrl":"http:\/\/www.iashandling.aero\/wp-content\/uploads\/2021\/05\/logo-ias.svg","width":"1024","height":"1024","caption":"IAS Handling"},"image":{"@id":"https:\/\/www.iashandling.aero\/es\/#logo"}},{"@type":"WebSite","@id":"https:\/\/www.iashandling.aero\/es\/#website","url":"https:\/\/www.iashandling.aero\/es\/","name":"IAS Handling","description":"International Airport Services","publisher":{"@id":"https:\/\/www.iashandling.aero\/es\/#organization"},"potentialAction":[{"@type":"SearchAction","target":{"@type":"EntryPoint","urlTemplate":"https:\/\/www.iashandling.aero\/es\/?s={search_term_string}"},"query-input":"required name=search_term_string"}],"inLanguage":"es"},{"@type":"ImageObject","@id":"https:\/\/www.iashandling.aero\/es\/blog\/#primaryimage","inLanguage":"es","url":"http:\/\/www.iashandling.aero\/wp-content\/uploads\/2021\/04\/coverPlotBarajas-420x323.jpg","contentUrl":"http:\/\/www.iashandling.aero\/wp-content\/uploads\/2021\/04\/coverPlotBarajas-420x323.jpg"},{"@type":"WebPage","@id":"https:\/\/www.iashandling.aero\/es\/blog\/#webpage","url":"https:\/\/www.iashandling.aero\/es\/blog\/","name":"Blog - IAS Handling","isPartOf":{"@id":"https:\/\/www.iashandling.aero\/es\/#website"},"primaryImageOfPage":{"@id":"https:\/\/www.iashandling.aero\/es\/blog\/#primaryimage"},"datePublished":"2018-02-15T10:07:53+00:00","dateModified":"2021-05-19T08:15:21+00:00","breadcrumb":{"@id":"https:\/\/www.iashandling.aero\/es\/blog\/#breadcrumb"},"inLanguage":"es","potentialAction":[{"@type":"ReadAction","target":["https:\/\/www.iashandling.aero\/es\/blog\/"]}]},{"@type":"BreadcrumbList","@id":"https:\/\/www.iashandling.aero\/es\/blog\/#breadcrumb","itemListElement":[{"@type":"ListItem","position":1,"name":"Home","item":"https:\/\/www.iashandling.aero\/es\/"},{"@type":"ListItem","position":2,"name":"Blog"}]}]}},"jetpack_sharing_enabled":true,"_links":{"self":[{"href":"https:\/\/www.iashandling.aero\/es\/wp-json\/wp\/v2\/pages\/16293"}],"collection":[{"href":"https:\/\/www.iashandling.aero\/es\/wp-json\/wp\/v2\/pages"}],"about":[{"href":"https:\/\/www.iashandling.aero\/es\/wp-json\/wp\/v2\/types\/page"}],"author":[{"embeddable":true,"href":"https:\/\/www.iashandling.aero\/es\/wp-json\/wp\/v2\/users\/1"}],"replies":[{"embeddable":true,"href":"https:\/\/www.iashandling.aero\/es\/wp-json\/wp\/v2\/comments?post=16293"}],"version-history":[{"count":6,"href":"https:\/\/www.iashandling.aero\/es\/wp-json\/wp\/v2\/pages\/16293\/revisions"}],"predecessor-version":[{"id":19596,"href":"https:\/\/www.iashandling.aero\/es\/wp-json\/wp\/v2\/pages\/16293\/revisions\/19596"}],"wp:attachment":[{"href":"https:\/\/www.iashandling.aero\/es\/wp-json\/wp\/v2\/media?parent=16293"}],"curies":[{"name":"wp","href":"https:\/\/api.w.org\/{rel}","templated":true}]}}