{"id":18164,"date":"2019-05-31T10:25:30","date_gmt":"2019-05-31T08:25:30","guid":{"rendered":"http:\/\/www.iashandling.aero\/?page_id=18164"},"modified":"2026-03-27T12:14:04","modified_gmt":"2026-03-27T11:14:04","slug":"home-ias-2-2","status":"publish","type":"page","link":"https:\/\/www.iashandling.aero\/es\/","title":{"rendered":"Home IAS"},"content":{"rendered":"<h2>\n\tLa gente de IAS Handling, su carga\n\t<\/h2>\n\t<h4>International Airport Services, IAS Handling, ofrece est\u00e1ndares de servicio de alta calidad a las aerol\u00edneas, que operan desde un almac\u00e9n aduanero de primera l\u00ednea.<\/h4>\n\t<h4>La adaptaci\u00f3n a las nuevas tendencias del mercado, la amplia experiencia del  equipo humano de IAS Handling en el negocio de carga y el desempe\u00f1o flexible a medida, son sus principales caracter\u00edsticas.<\/h4>\n\t<a href=\"http:\/\/www.iashandling.aero\/company#who-we-are\" target=\"_self\" role=\"button\" rel=\"noopener\">\n\t\t\t\t\t<b>LEE M\u00c1S SOBRE LA COMPA\u00d1\u00cdA<\/b>\n\t<\/a>\n<h3>\n\tLos valores\n\t<\/h3>\n\t<p>El alcance es la calidad y la satisfacci\u00f3n del cliente.<\/p>\n\t<p>Ofreciendo un servicio especializado enfocado en las necesidades de sus clientes, gracias a un equipo bien capacitado con m\u00e1s de 15 a\u00f1os de experiencia.<\/p>\n\t<p>Los valores resaltados son:<\/p>\n<ul>\n<li><strong>Calidad<\/strong><\/li>\n<li><strong>Experiencia<\/strong><\/li>\n<li><strong>Gesti\u00f3n propia<\/strong><\/li>\n<li><strong>Flexibilidad<\/strong><\/li>\n<li><strong>Capital contable propio<\/strong><\/li>\n<\/ul>\n\t<a href=\"http:\/\/www.iashandling.aero\/company#scope-view\" target=\"_self\" role=\"button\" rel=\"noopener\">\n\t\t\t\t\tMISI\u00d3N\n\t<\/a>\n\t\t\tSeguimiento\t\t\n\t\t\tTarifas de Servicios\t\t\n\t\t\t\t<div class=\"fl-builder-content fl-builder-content-18546 fl-builder-global-templates-locked\" data-post-id=\"18546\"><div class=\"fl-row fl-row-full-width fl-row-bg-none fl-node-5a5cf252e30a4 fl-row-bg-attachment-scroll\" data-node=\"5a5cf252e30a4\">\n\t<div class=\"fl-row-content-wrap\">\n\t\t\t\t\t\t<div class=\"fl-row-content fl-row-fixed-width fl-node-content\">\n\t\t\n<div class=\"fl-col-group fl-node-5a5cf57eeec3d\" data-node=\"5a5cf57eeec3d\">\n\t\t\t<div class=\"fl-col fl-node-5a5cf57eef174\" data-node=\"5a5cf57eef174\">\n\t<div class=\"fl-col-content fl-node-content\">\n\t<div class=\"fl-module fl-module-vamtam-heading fl-node-5a5cf755dd121\" data-node=\"5a5cf755dd121\">\n\t<div class=\"fl-module-content fl-node-content\">\n\t\t<h3 class=\"vamtam-heading \">\n\t\n\t\n\t<span class=\"vamtam-heading-text\">Seguimiento de env\u00edos con IAS Handling<\/span>\n\n\t\n\t<\/h3>\n\t<\/div>\n<\/div>\n<div class=\"fl-module fl-module-html fl-node-5d5bc6bfc6e88\" data-node=\"5d5bc6bfc6e88\">\n\t<div class=\"fl-module-content fl-node-content\">\n\t\t<div class=\"fl-html\">\n\t<!DOCTYPE html>\n<html>\n<head>\n\t<title><\/title>\n    <link rel=\"stylesheet\" href=\"https:\/\/cdnjs.cloudflare.com\/ajax\/libs\/meyer-reset\/2.0\/reset.min.css\">\n\n\t<link rel='stylesheet' href='https:\/\/maxcdn.bootstrapcdn.com\/bootstrap\/3.3.5\/css\/bootstrap.min.css'>\n\n<\/head>\n<body>\n\n\t<div id=\"contTrack\">\n\n\t\t<!-- FORM -->\n\t\t<div id=\"formTrack\">\n\t\t  <input id=\"inputTrack\" type=\"\" name=\"\">\n\t\t  <button id=\"btnTrack\">Seguimiento<\/button>\n\t\t<\/div>\n\t\t<!-- END FORM -->\n\n\t\t<!-- TABLE -->\n\n\t\t<div id=\"tabTrack\" class=\"disappear\">\n\t\t  \n\t\t    <div class=\"table-row header\">\n\t\t      <div class=\"wrapper dates\">\n\t\t        <div class=\"column date\">Created at<\/div>\n\t\t      <\/div>\n\t\t      <div class=\"wrapper attributes\">\n\t\t        <div class=\"wrapper status-owner-severity\">\n\t\t          <div class=\"column severity\">Type<\/div>\n\t\t          <div class=\"wrapper status-owner\">\n\t\t            <div class=\"column status\">Subtype<\/div>\n\t\t          <\/div>\n\t\t        <\/div>\n\t\t        <div class=\"wrapper title-comment-module-reporter\">\n\t\t          <div class=\"wrapper title-comment\">\n\t\t            <div class=\"column message\">Messaging<\/div>\n\t\t          <\/div>\n\t\t        <\/div>\n\t\t      <\/div>\n\t\t    <\/div>\n\n\t\t    <div id=\"idTableRow\"><\/div>\n\n\t\t<\/div>\n\n\t\t<!-- END TABLE -->\n\n\t<\/div>\n\n<\/body>\n<\/html><\/div>\n\t<\/div>\n<\/div>\n\t<\/div>\n<\/div>\n\t\t\t<div class=\"fl-col fl-node-5cffb9f14281e fl-col-small\" data-node=\"5cffb9f14281e\">\n\t<div class=\"fl-col-content fl-node-content\">\n\t<div class=\"fl-module fl-module-photo fl-node-5cffb9a32b9f6\" data-node=\"5cffb9a32b9f6\">\n\t<div class=\"fl-module-content fl-node-content\">\n\t\t<div class=\"fl-photo fl-photo-align-center\" itemscope itemtype=\"http:\/\/schema.org\/ImageObject\">\n\t<div class=\"fl-photo-content fl-photo-img-svg\">\n\t\t\t\t\t\t\t\t\t\t<img decoding=\"async\" class=\"fl-photo-img wp-image-18236 vamtam-lazyload-noparent\" src=\"http:\/\/www.iashandling.aero\/wp-content\/uploads\/2019\/06\/certifications-ias.svg\" data-srcset=\"http:\/\/www.iashandling.aero\/wp-content\/uploads\/2019\/06\/certifications-ias.svg\" srcset=\"data:image\/svg+xml;utf8,&lt;svg%20xmlns=&quot;http:\/\/www.w3.org\/2000\/svg&quot;%20viewBox=&quot;0%200%20495%20194&quot;%20height=&quot;194px&quot;%20width=&quot;495px&quot;\/&gt;\" alt=\"certifications-ias\" itemprop=\"image\" title=\"certifications-ias\" \/>\t\t\t\t\t\t\t<\/div>\n\t<\/div>\n\t<\/div>\n<\/div>\n\t<\/div>\n<\/div>\n\t<\/div>\n\n<div class=\"fl-col-group fl-node-5a5cf252e45ff\" data-node=\"5a5cf252e45ff\">\n\t\t\t<div class=\"fl-col fl-node-5a5cf252e46a9\" data-node=\"5a5cf252e46a9\">\n\t<div class=\"fl-col-content fl-node-content\">\n\t\t<\/div>\n<\/div>\n\t<\/div>\n\t\t<\/div>\n\t<\/div>\n<\/div>\n<\/div>\n\t\t\t\t<p><a href=\"http:\/\/www.iashandling.aero\/wp-content\/uploads\/2026\/03\/IAS_ESP_2026_THC-v2.pdf\" target=\"_blank\" rel=\"noopener\"><\/p>\n<p>Tarifas de Servicios PDF<\/p>\n<p><\/a><\/p>\n<h2>\n\tLos clientes, <br>y lo que dicen.\n\t<\/h2>\n\t\t\t\t<img decoding=\"async\" src=\"http:\/\/www.iashandling.aero\/wp-content\/uploads\/2019\/06\/dsv.svg\" alt=\"dsv\" itemprop=\"image\" title=\"dsv\" onerror=\"this.style.display='none'\"  \/>\n\t\t\t\t<img decoding=\"async\" src=\"http:\/\/www.iashandling.aero\/wp-content\/uploads\/2021\/01\/dhl.svg\" alt=\"dhl\" itemprop=\"image\" title=\"dhl\" onerror=\"this.style.display='none'\"  \/>\n\t\t\t7,700m\n<h5>\n\tAWB&#8217;s\n\t<\/h5>\n\t\t\t8,000m\n<h5>\n\tToneladas de mercanc\u00edas\n\t<\/h5>\n\t\t\t\t<img decoding=\"async\" src=\"http:\/\/www.iashandling.aero\/wp-content\/uploads\/2019\/06\/furgo-ias_v0.svg\" alt=\"furgo-ias_v0\" itemprop=\"image\" title=\"furgo-ias_v0\" onerror=\"this.style.display='none'\"  \/>\n<h2>\n\t\u00bfQu\u00e9 les diferencia?\n\t<\/h2>\n\t\t\t\t<img decoding=\"async\" src=\"http:\/\/www.iashandling.aero\/wp-content\/uploads\/2019\/06\/blockquote-ias.svg\" alt=\"blockquote-ias\" itemprop=\"image\" title=\"blockquote-ias\" onerror=\"this.style.display='none'\"  \/>\n<blockquote>\n\t\t\t\t\t<h3>&#8220;El mejor almac\u00e9n en todo el aeropuerto de Prat, trabajadores cualificados y amigables, adem\u00e1s de que son muy \u00e1giles, as\u00ed como en oficinas y almacenes. Lo hiciste todo en menos de media hora y te vas con una sonrisa.&#8221;<\/h3>\n\t\t\t&#57864;&#57864;&#57864;&#57864;&#57864; &mdash; Francesca Carrasco\t\t\n<\/blockquote>\n<h5>\n\tEquipo proactivo\n\t<\/h5>\n\t<p>Equipo experimentado, motivado y <b>proactivo<\/b>.<\/p>\n<h5>\n\tExperiencia\n\t<\/h5>\n\t<p>Licencia, instalaciones y amplia <strong>experiencia <\/strong>en el mercado local de carga.<\/p>\n<h5>\n\tCalidad\n\t<\/h5>\n\t<p><b>Calidad <\/b>&amp; <b>satisfacci\u00f3n <\/b>de los clientes.<\/p>\n\t\t\t\t<img decoding=\"async\" src=\"http:\/\/www.iashandling.aero\/wp-content\/uploads\/2020\/10\/blockquote-white-ias.svg\" alt=\"blockquote-white-ias\" itemprop=\"image\" title=\"blockquote-white-ias\" onerror=\"this.style.display='none'\"  \/>\n<h2>\n\tNuevo emplazamiento en Madrid\n\t<\/h2>\n<h3>\n\tLocalizaci\u00f3n\n\t<\/h3>\n\t<p><b>MAD. <\/b><b>Aeropuerto de Madrid-Barajas Adolfo Su\u00e1rez<\/b><\/p>\nC\/November s \/n<br \/>\nCentro de carga a\u00e9rea<br \/>\nIAS HANDLING Building<br \/>\nRampa 7 Parcela I.2b<br \/>\n28042 Madrid\n<h3>\n\tContacto\n\t<\/h3>\n\t\t<iframe src=\"https:\/\/maps.google.com\/maps?q=IAS+HANDLING+C%2FNovember+s+%2Fn+28042+Madrid&#038;iwloc=near&#038;output=embed\" height=\"500\" frameborder=\"0\"><\/iframe>\n\t\t\t\t<img decoding=\"async\" src=\"http:\/\/www.iashandling.aero\/wp-content\/uploads\/2020\/10\/sectionNews-ias_v1.svg\" alt=\"sectionNews-ias_v1\" itemprop=\"image\" title=\"sectionNews-ias_v1\" onerror=\"this.style.display='none'\"  \/>\n\t\t\t\t<img decoding=\"async\" src=\"http:\/\/www.iashandling.aero\/wp-content\/uploads\/2020\/10\/blockquote-white-ias.svg\" alt=\"blockquote-white-ias\" itemprop=\"image\" title=\"blockquote-white-ias\" onerror=\"this.style.display='none'\"  \/>\n<h2>\n\tOrgullosos de anunciar que IAS Handling ha sido certificada en GDP (Good Delivery Practices) &amp; OEA (Operador Econ\u00f3mico Autorizado)\n\t<\/h2>\n","protected":false},"excerpt":{"rendered":"<p>La gente de IAS Handling, su carga International Airport Services, IAS Handling, ofrece est\u00e1ndares de servicio de alta calidad a las aerol\u00edneas, que operan desde un almac\u00e9n aduanero de primera l\u00ednea. La adaptaci\u00f3n a las nuevas tendencias del mercado, la amplia experiencia del equipo humano de IAS Handling en el negocio de carga y el&#8230;<\/p>\n","protected":false},"author":1,"featured_media":0,"parent":0,"menu_order":0,"comment_status":"closed","ping_status":"closed","template":"","meta":{"footnotes":""},"yoast_head":"<!-- This site is optimized with the Yoast SEO plugin v16.7 - https:\/\/yoast.com\/wordpress\/plugins\/seo\/ -->\n<title>Home IAS - IAS Handling<\/title>\n<meta name=\"robots\" content=\"index, follow, max-snippet:-1, max-image-preview:large, max-video-preview:-1\" \/>\n<link rel=\"canonical\" href=\"https:\/\/www.iashandling.aero\/es\/\" \/>\n<meta property=\"og:locale\" content=\"es_ES\" \/>\n<meta property=\"og:type\" content=\"article\" \/>\n<meta property=\"og:title\" content=\"Home IAS - IAS Handling\" \/>\n<meta property=\"og:description\" content=\"La gente de IAS Handling, su carga International Airport Services, IAS Handling, ofrece est\u00e1ndares de servicio de alta calidad a las aerol\u00edneas, que operan desde un almac\u00e9n aduanero de primera l\u00ednea. La adaptaci\u00f3n a las nuevas tendencias del mercado, la amplia experiencia del equipo humano de IAS Handling en el negocio de carga y el...\" \/>\n<meta property=\"og:url\" content=\"https:\/\/www.iashandling.aero\/es\/\" \/>\n<meta property=\"og:site_name\" content=\"IAS Handling\" \/>\n<meta property=\"article:modified_time\" content=\"2026-03-27T11:14:04+00:00\" \/>\n<meta property=\"og:image\" content=\"http:\/\/www.iashandling.aero\/wp-content\/uploads\/2019\/06\/dsv.svg\" \/>\n<meta name=\"twitter:card\" content=\"summary_large_image\" \/>\n<meta name=\"twitter:label1\" content=\"Tiempo de lectura\" \/>\n\t<meta name=\"twitter:data1\" content=\"1 minuto\" \/>\n<!-- \/ Yoast SEO plugin. -->","yoast_head_json":{"title":"Home IAS - IAS Handling","robots":{"index":"index","follow":"follow","max-snippet":"max-snippet:-1","max-image-preview":"max-image-preview:large","max-video-preview":"max-video-preview:-1"},"canonical":"https:\/\/www.iashandling.aero\/es\/","og_locale":"es_ES","og_type":"article","og_title":"Home IAS - IAS Handling","og_description":"La gente de IAS Handling, su carga International Airport Services, IAS Handling, ofrece est\u00e1ndares de servicio de alta calidad a las aerol\u00edneas, que operan desde un almac\u00e9n aduanero de primera l\u00ednea. La adaptaci\u00f3n a las nuevas tendencias del mercado, la amplia experiencia del equipo humano de IAS Handling en el negocio de carga y el...","og_url":"https:\/\/www.iashandling.aero\/es\/","og_site_name":"IAS Handling","article_modified_time":"2026-03-27T11:14:04+00:00","og_image":[{"url":"http:\/\/www.iashandling.aero\/wp-content\/uploads\/2019\/06\/dsv.svg"}],"twitter_card":"summary_large_image","twitter_misc":{"Tiempo de lectura":"1 minuto"},"schema":{"@context":"https:\/\/schema.org","@graph":[{"@type":"Organization","@id":"https:\/\/www.iashandling.aero\/es\/#organization","name":"IAS Handling","url":"https:\/\/www.iashandling.aero\/es\/","sameAs":["https:\/\/www.linkedin.com\/company\/ias-handling\/"],"logo":{"@type":"ImageObject","@id":"https:\/\/www.iashandling.aero\/es\/#logo","inLanguage":"es","url":"http:\/\/www.iashandling.aero\/wp-content\/uploads\/2021\/05\/logo-ias.svg","contentUrl":"http:\/\/www.iashandling.aero\/wp-content\/uploads\/2021\/05\/logo-ias.svg","width":"1024","height":"1024","caption":"IAS Handling"},"image":{"@id":"https:\/\/www.iashandling.aero\/es\/#logo"}},{"@type":"WebSite","@id":"https:\/\/www.iashandling.aero\/es\/#website","url":"https:\/\/www.iashandling.aero\/es\/","name":"IAS Handling","description":"International Airport Services","publisher":{"@id":"https:\/\/www.iashandling.aero\/es\/#organization"},"potentialAction":[{"@type":"SearchAction","target":{"@type":"EntryPoint","urlTemplate":"https:\/\/www.iashandling.aero\/es\/?s={search_term_string}"},"query-input":"required name=search_term_string"}],"inLanguage":"es"},{"@type":"ImageObject","@id":"https:\/\/www.iashandling.aero\/es\/#primaryimage","inLanguage":"es","url":"http:\/\/www.iashandling.aero\/wp-content\/uploads\/2019\/06\/dsv.svg","contentUrl":"http:\/\/www.iashandling.aero\/wp-content\/uploads\/2019\/06\/dsv.svg"},{"@type":"WebPage","@id":"https:\/\/www.iashandling.aero\/es\/#webpage","url":"https:\/\/www.iashandling.aero\/es\/","name":"Home IAS - IAS Handling","isPartOf":{"@id":"https:\/\/www.iashandling.aero\/es\/#website"},"primaryImageOfPage":{"@id":"https:\/\/www.iashandling.aero\/es\/#primaryimage"},"datePublished":"2019-05-31T08:25:30+00:00","dateModified":"2026-03-27T11:14:04+00:00","breadcrumb":{"@id":"https:\/\/www.iashandling.aero\/es\/#breadcrumb"},"inLanguage":"es","potentialAction":[{"@type":"ReadAction","target":["https:\/\/www.iashandling.aero\/es\/"]}]},{"@type":"BreadcrumbList","@id":"https:\/\/www.iashandling.aero\/es\/#breadcrumb","itemListElement":[{"@type":"ListItem","position":1,"name":"Home","item":"https:\/\/www.iashandling.aero\/es\/"},{"@type":"ListItem","position":2,"name":"Home IAS"}]}]}},"jetpack_sharing_enabled":true,"_links":{"self":[{"href":"https:\/\/www.iashandling.aero\/es\/wp-json\/wp\/v2\/pages\/18164"}],"collection":[{"href":"https:\/\/www.iashandling.aero\/es\/wp-json\/wp\/v2\/pages"}],"about":[{"href":"https:\/\/www.iashandling.aero\/es\/wp-json\/wp\/v2\/types\/page"}],"author":[{"embeddable":true,"href":"https:\/\/www.iashandling.aero\/es\/wp-json\/wp\/v2\/users\/1"}],"replies":[{"embeddable":true,"href":"https:\/\/www.iashandling.aero\/es\/wp-json\/wp\/v2\/comments?post=18164"}],"version-history":[{"count":121,"href":"https:\/\/www.iashandling.aero\/es\/wp-json\/wp\/v2\/pages\/18164\/revisions"}],"predecessor-version":[{"id":20296,"href":"https:\/\/www.iashandling.aero\/es\/wp-json\/wp\/v2\/pages\/18164\/revisions\/20296"}],"wp:attachment":[{"href":"https:\/\/www.iashandling.aero\/es\/wp-json\/wp\/v2\/media?parent=18164"}],"curies":[{"name":"wp","href":"https:\/\/api.w.org\/{rel}","templated":true}]}}