{"id":18569,"date":"2019-08-28T07:25:40","date_gmt":"2019-08-28T05:25:40","guid":{"rendered":"http:\/\/www.iashandling.aero\/?page_id=18569"},"modified":"2021-06-30T11:58:15","modified_gmt":"2021-06-30T09:58:15","slug":"terms-conditions","status":"publish","type":"page","link":"https:\/\/www.iashandling.aero\/es\/terms-conditions\/","title":{"rendered":"Privacidad, t\u00e9rminos y condiciones"},"content":{"rendered":"\n\t<p>IAS HANDLING, S.L., con NIF\/CIF B66996489, direcci\u00f3n Pa 1.5 A2 Centro De Carga Aeropuerto El Prat \u00a008820\u00a0 &#8211; (Prat De Llobregat, El) &#8211; Barcelona, no puede asumir ninguna responsabilidad derivada del uso incorrecto, inapropiado o il\u00edcito de la informaci\u00f3n aparecida en las p\u00e1ginas de Internet de <u><a href=\"http:\/\/www.iashandling.com\/\">iashandling.com<\/a><\/u><\/p>\n<p>Con los l\u00edmites establecidos en la ley, <u><a href=\"http:\/\/www.iashandling.com\/\">iashandling.com<\/a><\/u> no asume ninguna responsabilidad derivada de la falta de veracidad, integridad, actualizaci\u00f3n y precisi\u00f3n de los datos o informaciones que se contienen en sus p\u00e1ginas de Internet.<\/p>\n<p>Los contenidos e informaci\u00f3n no vinculan a <u><a href=\"http:\/\/www.iashandling.com\/\">iashandling.com<\/a><\/u> ni constituyen opiniones, consejos o asesoramiento legal de ning\u00fan tipo pues se trata meramente de un servicio ofrecido con car\u00e1cter informativo y divulgativo.<\/p>\n<p>Las p\u00e1ginas de Internet de <u><a href=\"http:\/\/www.iashandling.com\/\">iashandling.com<\/a><\/u> pueden contener enlaces (links) a otras p\u00e1ginas de terceras partes que <u><a href=\"http:\/\/www.iashandling.com\/\">iashandling.com<\/a><\/u> no puede controlar. Por lo tanto, <u><a href=\"http:\/\/www.iashandling.com\/\">iashandling.com<\/a><\/u> no puede asumir responsabilidades por el contenido que pueda aparecer en p\u00e1ginas de terceros.<\/p>\n<p>Los textos, im\u00e1genes, sonidos, animaciones, software y el resto de contenidos incluidos en este website son propiedad exclusiva de <u><a href=\"http:\/\/www.iashandling.com\/\">iashandling.com<\/a><\/u> o sus licenciantes. Cualquier acto de transmisi\u00f3n, distribuci\u00f3n, cesi\u00f3n, reproducci\u00f3n, almacenamiento o comunicaci\u00f3n p\u00fablica total o parcial, debe contar con el consentimiento expreso de <u><a href=\"http:\/\/www.iashandling.com\/\">iashandling.com<\/a><\/u>.<\/p>\n<p>Asimismo, para acceder a algunos de los servicios que <u><a href=\"http:\/\/www.iashandling.com\/\">iashandling.com<\/a><\/u> ofrece a trav\u00e9s del website deber\u00e1 proporcionar algunos datos de car\u00e1cter personal. En cumplimiento de lo establecido en la Ley Org\u00e1nica 15\/1999, de 13 de diciembre, de Protecci\u00f3n de Datos de Car\u00e1cter Personal le informamos que, mediante la cumplimentaci\u00f3n de los presentes formularios, sus datos personales quedar\u00e1n incorporados y ser\u00e1n tratados en los ficheros de IAS HANDLING, S.L. con el fin de poderle prestar y ofrecer nuestros servicios as\u00ed como para informarle de las mejoras del sitio Web. Asimismo, le informamos de la posibilidad de que ejerza los derechos de acceso, rectificaci\u00f3n, cancelaci\u00f3n y oposici\u00f3n de sus datos de car\u00e1cter personal, manera gratuita mediante email a <a href=\"mailto:contact@fch.aero\">contact@fch.aero<\/a> o en la direcci\u00f3n Pa 1.5 A2 Centro De Carga Aeropuerto El Prat \u00a008820\u00a0 &#8211; (Prat De Llobregat, El) &#8211; Barcelona.<\/p>\n<p><strong>Protecci\u00f3n de datos de car\u00e1cter personal seg\u00fan la LOPD<\/strong><\/p>\n<p>IAS HANDLING, S.L., en aplicaci\u00f3n de la normativa vigente en materia de protecci\u00f3n de datos de car\u00e1cter personal, informa que los datos personales que se recogen a trav\u00e9s de los formularios del sitio web <u><a href=\"http:\/\/www.iashandling.com\/\">iashandling.com<\/a><\/u> se incluyen en los ficheros automatizados espec\u00edficos de usuarios de los servicios de IAS HANDLING, S.L.<\/p>\n<p>La recogida y tratamiento automatizado de los datos de car\u00e1cter personal tiene corno finalidad el mantenimiento de la relaci\u00f3n comercial y el desempe\u00f1o de tareas de informaci\u00f3n, formaci\u00f3n, asesoramiento y otras actividades propias de IAS HANDLING, S.L.<\/p>\n<p>Estos datos \u00fanicamente ser\u00e1n cedidos a aquellas entidades que sean necesarias con el \u00fanico objetivo de dar cumplimiento a la finalidad anteriormente expuesta.<\/p>\n<p>IAS HANDLING, S.L. adopta las medidas necesarias para garantizar la seguridad, integridad y confidencialidad de los datos conforme a lo dispuesto en la Ley Org\u00e1nica 15\/1999 de 13 de diciembre, de Protecci\u00f3n de Datos de Car\u00e1cter Personal (LOPD).<\/p>\n<p>El usuario podr\u00e1 en cualquier momento ejercitar los derechos de acceso, oposici\u00f3n, rectificaci\u00f3n y cancelaci\u00f3n reconocidos en la citada LOPD. El ejercicio de estos derechos puede realizarlo el propio usuario a trav\u00e9s de email a <a href=\"mailto:contact@fch.aero\">contact@fch.aero<\/a> o en la direcci\u00f3n Pa 1.5 A2 Centro De Carga Aeropuerto El Prat \u00a008820\u00a0 &#8211; (Prat De Llobregat, El) &#8211; Barcelona.<\/p>\n<p>El usuario manifiesta que todos los datos facilitados por \u00e9l son ciertos y correctos, y se compromete a mantenerlos actualizados, comunicando los cambios a IAS HANDLING, S.L.<\/p>\n<p><strong>Datos recopilados por usuarios de los servicios<\/strong><\/p>\n<p>En los casos en que el usuario incluya ficheros con datos de car\u00e1cter personal en los servidores de alojamiento compartido, IAS HANDLING, S.L. no se hace responsable del incumplimiento por parte del usuario de la LOPD.<\/p>\n<p><strong>Retenci\u00f3n de datos en conformidad a la LSSI<\/strong><\/p>\n<p>IAS HANDLING, S.L. informa de que, corno prestador de servicio de alojamiento de datos y en virtud de lo establecido en la Ley34\/2002 de 11 de julio de Servicios de la Sociedad de la Informaci\u00f3n y de Comercio Electr\u00f3nico (LSSI), retiene por un periodo m\u00e1ximo de 12 meses la informaci\u00f3n imprescindible para identificar el origen de los datos alojados y el momento en que se inici\u00f3 la prestaci\u00f3n del servicio. La retenci\u00f3n de estos datos no afecta al secreto de las comunicaciones y s\u00f3lo podr\u00e1n ser utilizados en el marco de una investigaci\u00f3n criminal o para la salvaguardia de la seguridad p\u00fablica, poni\u00e9ndose a disposici\u00f3n de los jueces y\/o tribunales o del Ministerio que as\u00ed los requiera. La comunicaci\u00f3n de datos a las Fuerzas y Cuerpos del Estado se har\u00e1 en virtud a lo dispuesto en la normativa sobre protecci\u00f3n de datos personales.<\/p>\n<p><strong>Derechos propiedad intelectual <\/strong><u><a href=\"http:\/\/www.iashandling.com\/\">iashandling.com<\/a><\/u><\/p>\n<p>IAS HANDLING, S.L. es titular de todos los derechos de autor, propiedad intelectual, industrial, &#8220;know how&#8221; y cuantos otros derechos guardan relaci\u00f3n con los contenidos del sitio web <u><a href=\"http:\/\/www.iashandling.com\/\">iashandling.com<\/a><\/u> y los servicios ofertados en el mismo, as\u00ed como de los programas necesarios para su implementaci\u00f3n y la informaci\u00f3n relacionada. No se permite la reproducci\u00f3n, publicaci\u00f3n y\/o uso no estrictamente privado de los contenidos, totales o parciales, del sitio web <u><a href=\"http:\/\/www.iashandling.com\/\">iashandling.com<\/a><\/u> sin el consentimiento previo y por escrito.<\/p>\n<p><strong>Propiedad intelectual del software<\/strong><\/p>\n<p>El usuario debe respetar los programas de terceros puestos a su disposici\u00f3n por IAS HANDLING, S.L., aun siendo gratuitos y\/o de disposici\u00f3n p\u00fablica.<\/p>\n<p>IAS HANDLING, S.L. dispone de los derechos de explotaci\u00f3n y propiedad intelectual necesarios del software.<\/p>\n<p>El usuario no adquiere derecho alguno o licencia por el servicio contratado, sobre el software necesario para la prestaci\u00f3n del servicio, ni tampoco sobre la informaci\u00f3n t\u00e9cnica de seguimiento del servicio, excepci\u00f3n hecha de los derechos y licencias necesarios para el cumplimiento de los servicios contratados y \u00fanicamente durante la duraci\u00f3n de los mismos. Para toda actuaci\u00f3n que exceda del cumplimiento del contrato, el usuario necesitar\u00e1 autorizaci\u00f3n por escrito por parte de IAS HANDLING, S.L., quedando prohibido al usuario acceder, modificar, visualizar la configuraci\u00f3n, estructura y ficheros de los servidores propiedad de IAS HANDLING, S.L., asumiendo la responsabilidad civil y penal derivada de cualquier incidencia que se pudiera producir en los servidores y sistemas de seguridad como consecuencia directa de una actuaci\u00f3n negligente o maliciosa por su parte.<\/p>\n<p><strong>Propiedad intelectual de los contenidos alojados<\/strong><\/p>\n<p>Se proh\u00edbe el uso contrario a la legislaci\u00f3n sobre propiedad intelectual de los servicios prestados por IAS HANDLING, S.L. y, en particular de:<\/p>\n<p>La utilizaci\u00f3n que resulte contraria a las leyes espa\u00f1olas o que infrinja los derechos de terceros.<\/p>\n<p>La publicaci\u00f3n o la transmisi\u00f3n de cualquier contenido que, a juicio de IAS HANDLING, S.L., resulte violento, obsceno, abusivo, ilegal, racial, xen\u00f3fobo o difamatorio.<\/p>\n<p>Los cracks, n\u00fameros de serie de programas o cualquier otro contenido que vulnere derechos de la propiedad intelectual de terceros.<\/p>\n<p>La recogida y\/o utilizaci\u00f3n de datos personales de otros usuarios sin su consentimiento expreso o contraviniendo lo dispuesto en la Ley Org\u00e1nica 15\/1999, de 13 de diciembre, de Protecci\u00f3n de Datos de Car\u00e1cter Personal.<\/p>\n<p>La utilizaci\u00f3n del servidor de correo del dominio y de las direcciones de correo electr\u00f3nico para el env\u00edo de correo masivo no deseado.<\/p>\n<p>El usuario tiene toda la responsabilidad sobre el contenido de su web, la informaci\u00f3n transmitida y almacenada, los enlaces de hipertexto, las reivindicaciones de terceros y las acciones legales en referencia a propiedad intelectual, derechos de terceros y protecci\u00f3n de menores. El usuario es responsable respecto a las leyes y reglamentos en vigor y las reglas que tienen que ver con el funcionamiento del servicio online, comercio electr\u00f3nico, derechos de autor, mantenimiento del orden p\u00fablico, as\u00ed como principios universales de uso de Internet.<\/p>\n<p>El usuario indemnizar\u00e1 a IAS HANDLING, S.L. por los gastos que generar\u00e1 la imputaci\u00f3n de la IAS HANDLING, S.L. en alguna causa cuya responsabilidad fuera atribuible al usuario, incluidos honorarios y gastos de defensa jur\u00eddica, incluso en el caso de una decisi\u00f3n judicial no definitiva.<\/p>\n<p><strong>Protecci\u00f3n de la informaci\u00f3n alojada<\/strong><\/p>\n<p>IAS HANDLING, S.L. realiza copias de seguridad de los contenidos alojados en sus servidores, sin embargo no se responsabiliza de la p\u00e9rdida o el borrado accidental de los datos por parte de los usuarios. De igual manera, no garantiza la reposici\u00f3n total de los datos borrados por los usuarios, ya que los citados datos podr\u00edan haber sido suprimidos y\/o modificados durante el periodo del tiempo transcurrido desde la \u00faltima copia de seguridad. Los servicios ofertados, excepto los servicios espec\u00edficos de backup, no incluyen la reposici\u00f3n de los contenidos conservados en las copias de seguridad realizadas por IAS HANDLING, S.L., cuando esta p\u00e9rdida sea imputable al usuario; en este caso, se determinar\u00e1 una tarifa acorde a la complejidad y volumen de la recuperaci\u00f3n, siempre previa aceptaci\u00f3n del usuario. La reposici\u00f3n de datos borrados s\u00f3lo est\u00e1 incluida en el precio del servicio cuando la p\u00e9rdida del contenido sea debida a causas atribuibles a IAS HANDLING, S.L.<\/p>\n<p><strong>Comunicaciones comerciales<\/strong><\/p>\n<p>En aplicaci\u00f3n de la LSSI. IAS HANDLING, S.L. no enviar\u00e1 comunicaciones publicitarias o promocionales por correo electr\u00f3nico u otro medio de comunicaci\u00f3n electr\u00f3nica equivalente que previamente no hubieran sido solicitadas o expresamente autorizadas por los destinatarios de las mismas.<\/p>\n<p>En el caso de usuarios con los que exista una relaci\u00f3n contractual previa, IAS HANDLING, S.L. s\u00ed est\u00e1 autorizado al env\u00edo de comunicaciones comerciales referentes a productos o servicios de la IAS HANDLING, S.L. que sean similares a los que inicialmente fueron objeto de contrataci\u00f3n con el cliente. En todo caso, el usuario puede solicitar que no se le hagan llegar m\u00e1s informaciones comerciales a trav\u00e9s de los canales de Atenci\u00f3n al Cliente, tras acreditar su identidad.<\/p>\n","protected":false},"excerpt":{"rendered":"<p>IAS HANDLING, S.L., con NIF\/CIF B66996489, direcci\u00f3n Pa 1.5 A2 Centro De Carga Aeropuerto El Prat \u00a008820\u00a0 &#8211; (Prat De Llobregat, El) &#8211; Barcelona, no puede asumir ninguna responsabilidad derivada del uso incorrecto, inapropiado o il\u00edcito de la informaci\u00f3n aparecida en las p\u00e1ginas de Internet de iashandling.com Con los l\u00edmites establecidos en la ley, iashandling.com&#8230;<\/p>\n","protected":false},"author":1,"featured_media":0,"parent":0,"menu_order":0,"comment_status":"closed","ping_status":"closed","template":"","meta":{"footnotes":""},"yoast_head":"<!-- This site is optimized with the Yoast SEO plugin v16.7 - https:\/\/yoast.com\/wordpress\/plugins\/seo\/ -->\n<title>Privacidad, t\u00e9rminos y condiciones - IAS Handling<\/title>\n<meta name=\"robots\" content=\"index, follow, max-snippet:-1, max-image-preview:large, max-video-preview:-1\" \/>\n<link rel=\"canonical\" href=\"https:\/\/www.iashandling.aero\/es\/terms-conditions\/\" \/>\n<meta property=\"og:locale\" content=\"es_ES\" \/>\n<meta property=\"og:type\" content=\"article\" \/>\n<meta property=\"og:title\" content=\"Privacidad, t\u00e9rminos y condiciones - IAS Handling\" \/>\n<meta property=\"og:description\" content=\"IAS HANDLING, S.L., con NIF\/CIF B66996489, direcci\u00f3n Pa 1.5 A2 Centro De Carga Aeropuerto El Prat \u00a008820\u00a0 &#8211; (Prat De Llobregat, El) &#8211; Barcelona, no puede asumir ninguna responsabilidad derivada del uso incorrecto, inapropiado o il\u00edcito de la informaci\u00f3n aparecida en las p\u00e1ginas de Internet de iashandling.com Con los l\u00edmites establecidos en la ley, iashandling.com...\" \/>\n<meta property=\"og:url\" content=\"https:\/\/www.iashandling.aero\/es\/terms-conditions\/\" \/>\n<meta property=\"og:site_name\" content=\"IAS Handling\" \/>\n<meta property=\"article:modified_time\" content=\"2021-06-30T09:58:15+00:00\" \/>\n<meta name=\"twitter:card\" content=\"summary_large_image\" \/>\n<meta name=\"twitter:label1\" content=\"Tiempo de lectura\" \/>\n\t<meta name=\"twitter:data1\" content=\"9 minutos\" \/>\n<!-- \/ Yoast SEO plugin. -->","yoast_head_json":{"title":"Privacidad, t\u00e9rminos y condiciones - IAS Handling","robots":{"index":"index","follow":"follow","max-snippet":"max-snippet:-1","max-image-preview":"max-image-preview:large","max-video-preview":"max-video-preview:-1"},"canonical":"https:\/\/www.iashandling.aero\/es\/terms-conditions\/","og_locale":"es_ES","og_type":"article","og_title":"Privacidad, t\u00e9rminos y condiciones - IAS Handling","og_description":"IAS HANDLING, S.L., con NIF\/CIF B66996489, direcci\u00f3n Pa 1.5 A2 Centro De Carga Aeropuerto El Prat \u00a008820\u00a0 &#8211; (Prat De Llobregat, El) &#8211; Barcelona, no puede asumir ninguna responsabilidad derivada del uso incorrecto, inapropiado o il\u00edcito de la informaci\u00f3n aparecida en las p\u00e1ginas de Internet de iashandling.com Con los l\u00edmites establecidos en la ley, iashandling.com...","og_url":"https:\/\/www.iashandling.aero\/es\/terms-conditions\/","og_site_name":"IAS Handling","article_modified_time":"2021-06-30T09:58:15+00:00","twitter_card":"summary_large_image","twitter_misc":{"Tiempo de lectura":"9 minutos"},"schema":{"@context":"https:\/\/schema.org","@graph":[{"@type":"Organization","@id":"https:\/\/www.iashandling.aero\/es\/#organization","name":"IAS Handling","url":"https:\/\/www.iashandling.aero\/es\/","sameAs":["https:\/\/www.linkedin.com\/company\/ias-handling\/"],"logo":{"@type":"ImageObject","@id":"https:\/\/www.iashandling.aero\/es\/#logo","inLanguage":"es","url":"http:\/\/www.iashandling.aero\/wp-content\/uploads\/2021\/05\/logo-ias.svg","contentUrl":"http:\/\/www.iashandling.aero\/wp-content\/uploads\/2021\/05\/logo-ias.svg","width":"1024","height":"1024","caption":"IAS Handling"},"image":{"@id":"https:\/\/www.iashandling.aero\/es\/#logo"}},{"@type":"WebSite","@id":"https:\/\/www.iashandling.aero\/es\/#website","url":"https:\/\/www.iashandling.aero\/es\/","name":"IAS Handling","description":"International Airport Services","publisher":{"@id":"https:\/\/www.iashandling.aero\/es\/#organization"},"potentialAction":[{"@type":"SearchAction","target":{"@type":"EntryPoint","urlTemplate":"https:\/\/www.iashandling.aero\/es\/?s={search_term_string}"},"query-input":"required name=search_term_string"}],"inLanguage":"es"},{"@type":"WebPage","@id":"https:\/\/www.iashandling.aero\/es\/terms-conditions\/#webpage","url":"https:\/\/www.iashandling.aero\/es\/terms-conditions\/","name":"Privacidad, t\u00e9rminos y condiciones - IAS Handling","isPartOf":{"@id":"https:\/\/www.iashandling.aero\/es\/#website"},"datePublished":"2019-08-28T05:25:40+00:00","dateModified":"2021-06-30T09:58:15+00:00","breadcrumb":{"@id":"https:\/\/www.iashandling.aero\/es\/terms-conditions\/#breadcrumb"},"inLanguage":"es","potentialAction":[{"@type":"ReadAction","target":["https:\/\/www.iashandling.aero\/es\/terms-conditions\/"]}]},{"@type":"BreadcrumbList","@id":"https:\/\/www.iashandling.aero\/es\/terms-conditions\/#breadcrumb","itemListElement":[{"@type":"ListItem","position":1,"name":"Home","item":"https:\/\/www.iashandling.aero\/es\/"},{"@type":"ListItem","position":2,"name":"Privacidad, t\u00e9rminos y condiciones"}]}]}},"jetpack_sharing_enabled":true,"_links":{"self":[{"href":"https:\/\/www.iashandling.aero\/es\/wp-json\/wp\/v2\/pages\/18569"}],"collection":[{"href":"https:\/\/www.iashandling.aero\/es\/wp-json\/wp\/v2\/pages"}],"about":[{"href":"https:\/\/www.iashandling.aero\/es\/wp-json\/wp\/v2\/types\/page"}],"author":[{"embeddable":true,"href":"https:\/\/www.iashandling.aero\/es\/wp-json\/wp\/v2\/users\/1"}],"replies":[{"embeddable":true,"href":"https:\/\/www.iashandling.aero\/es\/wp-json\/wp\/v2\/comments?post=18569"}],"version-history":[{"count":3,"href":"https:\/\/www.iashandling.aero\/es\/wp-json\/wp\/v2\/pages\/18569\/revisions"}],"predecessor-version":[{"id":19640,"href":"https:\/\/www.iashandling.aero\/es\/wp-json\/wp\/v2\/pages\/18569\/revisions\/19640"}],"wp:attachment":[{"href":"https:\/\/www.iashandling.aero\/es\/wp-json\/wp\/v2\/media?parent=18569"}],"curies":[{"name":"wp","href":"https:\/\/api.w.org\/{rel}","templated":true}]}}