{"id":19344,"date":"2021-01-29T11:16:58","date_gmt":"2021-01-29T10:16:58","guid":{"rendered":"http:\/\/www.iashandling.aero\/?page_id=19344"},"modified":"2024-02-08T18:03:48","modified_gmt":"2024-02-08T17:03:48","slug":"instalaciones","status":"publish","type":"page","link":"https:\/\/www.iashandling.aero\/es\/instalaciones\/","title":{"rendered":"Instalaciones"},"content":{"rendered":"\n\t\t\t\t<img loading=\"lazy\" decoding=\"async\" src=\"http:\/\/www.iashandling.aero\/wp-content\/uploads\/2019\/07\/warehouse-ias-2-1024x683.jpg\" alt=\"warehouse-ias-2\" itemprop=\"image\" height=\"683\" width=\"1024\" title=\"warehouse-ias-2\" onerror=\"this.style.display='none'\"  \/>\n\t<h3>Almac\u00e9n de 7600 m2<\/h3>\n\t\t\t\t<img loading=\"lazy\" decoding=\"async\" src=\"http:\/\/www.iashandling.aero\/wp-content\/uploads\/2019\/07\/warehouse-ias-1-1024x683.jpg\" alt=\"warehouse-ias-1\" itemprop=\"image\" height=\"683\" width=\"1024\" title=\"warehouse-ias-1\" onerror=\"this.style.display='none'\"  \/>\n\t<h3>Almac\u00e9n de primera l\u00ednea de 9600 m2<\/h3>\n\t\t\t\t<img loading=\"lazy\" decoding=\"async\" src=\"http:\/\/www.iashandling.aero\/wp-content\/uploads\/2018\/01\/modern-1.jpg\" alt=\"modern-1\" itemprop=\"image\" height=\"1076\" width=\"810\" title=\"modern-1\" onerror=\"this.style.display='none'\"  \/>\n\t<h3>Acceso a plataforma controlado por seguridad<\/h3>\n\t\t\t\t<img loading=\"lazy\" decoding=\"async\" src=\"http:\/\/www.iashandling.aero\/wp-content\/uploads\/2021\/01\/WhatsApp-Image-2021-01-13-at-16.12.05-768x1024.jpeg\" alt=\"WhatsApp Image 2021-01-13 at 16.12.05\" itemprop=\"image\" height=\"1024\" width=\"768\" title=\"WhatsApp Image 2021-01-13 at 16.12.05\" onerror=\"this.style.display='none'\"  \/>\n\t<h3>7600 m2 de zona oficinas y c\u00e1maras de fr\u00edo<\/h3>\n\t\t\t\t<img loading=\"lazy\" decoding=\"async\" src=\"http:\/\/www.iashandling.aero\/wp-content\/uploads\/2021\/01\/1606394939390-1-769x1024.jpg\" alt=\"1606394939390\" itemprop=\"image\" height=\"1024\" width=\"769\" title=\"1606394939390\" onerror=\"this.style.display='none'\"  \/>\n\t\t\t7,700m\n<h5>\n\tAWB&#8217;s\n\t<\/h5>\n\t\t\t8,000\n<h5>\n\tToneladas de mercanc\u00edas\n\t<\/h5>\n\t\t\t7,700m\n<h5>\n\tAWB&#8217;s\n\t<\/h5>\n\t\t\t24\n<h5>\n\tAeropuertos cubiertos\n\t<\/h5>\n\t\t\t8,000\n<h5>\n\tToneladas de mercanc\u00edas\n\t<\/h5>\n<h2>\n\tPuntos clave\n\t<\/h2>\n\t<ul>\n<li>Handling en rampa. Equipo humano experimentado y capacitado para ofrecer un servicio de calidad<\/li>\n<li>Sistema propio de gesti\u00f3n de calidad, QMS, PMS y SMS<\/li>\n<li>Seguimiento de las inconformidades por sistema NC<\/li>\n<li>Personal capacitado para desarrollar todos los procesos log\u00edsticos del sector<\/li>\n<li>Todo nuestro personal formado en IATA DG 7.3 y 7.4 (Clase 6,7 y 8)<br \/>\nPersonal formado en directrices GDP<\/li>\n<li>MAHS, Portel &amp; T-DUA para la emisi\u00f3n de T1 como sistemas principales. G5 disponible<\/li>\n<li>Refrigeradores de 2 a 8, de 15 a 25 y congelador<\/li>\n<li>Monitoreo constante de la temperatura de las c\u00e1maras a trav\u00e9s de sistemas sofisticados como Testo<\/li>\n<li>Licencia UNE-ISO9001-2015<\/li>\n<li>Licencias A3\/ES-RA y ADT<\/li>\n<li>ISAGO pr\u00f3xima certificaci\u00f3n en obtener en 2024-2025<\/li>\n<li>Ceritificaciones OEA y GDP obtenidas en marzo de 2020 y en vigor<\/li>\n<\/ul>\n<h2>\n\tEquipamiento\n\t<\/h2>\n\t<ul>\n<li>Bunker y caja fuerte para valores<\/li>\n<li>Fosos de paletizaci\u00f3n, muelles y muelle con rodillos<\/li>\n<li>M\u00e9todos de seguridad X-RAY, ETD, EDD<\/li>\n<li>4 b\u00e1sculas calibradas<\/li>\n<li>C\u00e1maras de fr\u00edo<\/li>\n<li>Sistema de circuito cerrado de televisi\u00f3n con 22 c\u00e1maras y vigilancia 24 horas<\/li>\n<li>Carretillas elevadoras<\/li>\n<\/ul>\n<h1>\n\tAeropuerto de Barcelona\n\t<\/h1>\n<h3>\n\tEl aeropuerto Josep Tarradellas Barcelona-El Prat, un referente estrat\u00e9gico para el espacio mediterr\u00e1neo y el sur de Europa, es el segundo aeropuerto m\u00e1s grande de Espa\u00f1a y el quinto de la UE en cuanto al volumen de pasajeros, por detr\u00e1s del aeropuerto Adolfo Su\u00e1rez Madrid-Barajas. El aeropuerto de Barcelona despliega una estrategia de desarrollo coherente con el objetivo de satisfacer la demanda y los est\u00e1ndares de la industria de la carga.\n\t<\/h3>\n\t\t\t\t<img loading=\"lazy\" decoding=\"async\" src=\"http:\/\/www.iashandling.aero\/wp-content\/uploads\/2021\/01\/runway.svg\" alt=\"runway\" itemprop=\"image\" height=\"300\" width=\"300\" height=\"150\" width=\"150\" height=\"300\" width=\"300\" height=\"1024\" width=\"1024\" title=\"runway\" onerror=\"this.style.display='none'\"  \/>\n\t<strong>3,743 m<\/strong><br \/>\n<strong>ILS cat.III<\/strong>\n\t\t\t\t<img loading=\"lazy\" decoding=\"async\" src=\"http:\/\/www.iashandling.aero\/wp-content\/uploads\/2021\/01\/day-and-night.svg\" alt=\"day-and-night\" itemprop=\"image\" height=\"300\" width=\"300\" height=\"150\" width=\"150\" height=\"300\" width=\"300\" height=\"1024\" width=\"1024\" title=\"day-and-night\" onerror=\"this.style.display='none'\"  \/>\n\t<p><strong>24\/7<\/strong><\/p>\n\t\t\t\t<img loading=\"lazy\" decoding=\"async\" src=\"http:\/\/www.iashandling.aero\/wp-content\/uploads\/2021\/01\/forecast.svg\" alt=\"forecast\" itemprop=\"image\" height=\"300\" width=\"300\" height=\"150\" width=\"150\" height=\"300\" width=\"300\" height=\"1024\" width=\"1024\" title=\"forecast\" onerror=\"this.style.display='none'\"  \/>\n\t<strong>2019 -&gt; 560.000 t<\/strong><br \/>\n<strong>Pron\u00f3stico 2023 -&gt; 1.120.000 t<\/strong>\n\t\t\t\t<img loading=\"lazy\" decoding=\"async\" src=\"http:\/\/www.iashandling.aero\/wp-content\/uploads\/2021\/01\/customClearance.svg\" alt=\"customClearance\" itemprop=\"image\" height=\"300\" width=\"300\" height=\"150\" width=\"150\" height=\"300\" width=\"300\" height=\"1024\" width=\"1024\" title=\"customClearance\" onerror=\"this.style.display='none'\"  \/>\n\t<strong>Despacho<br \/>\nde Aduanas<\/strong>\n\t\t\t\t<img loading=\"lazy\" decoding=\"async\" src=\"http:\/\/www.iashandling.aero\/wp-content\/uploads\/2021\/01\/logisticsServices.svg\" alt=\"logisticsServices\" itemprop=\"image\" height=\"300\" width=\"300\" height=\"150\" width=\"150\" height=\"300\" width=\"300\" height=\"1024\" width=\"1024\" title=\"logisticsServices\" onerror=\"this.style.display='none'\"  \/>\n\t<strong>M\u00e1s de 100<\/strong><br \/>\nProveedores de Servicios Log\u00edsticos\n\t\t\t\t<img loading=\"lazy\" decoding=\"async\" src=\"http:\/\/www.iashandling.aero\/wp-content\/uploads\/2021\/01\/multimodal.svg\" alt=\"multimodal\" itemprop=\"image\" height=\"300\" width=\"300\" height=\"150\" width=\"150\" height=\"300\" width=\"300\" height=\"1024\" width=\"1024\" title=\"multimodal\" onerror=\"this.style.display='none'\"  \/>\n\t<p><strong>Multimodal<\/strong><\/p>\n<h1>\n\tIAS Barcelona\n\t<\/h1>\n\t<p>IAS Handling cuenta con un almac\u00e9n de primera l\u00ednea en el aeropuerto de Barcelona, con 3800 m2 con acceso de seguridad controlado a plataforma.<\/p>\n\t\t\t\t<img loading=\"lazy\" decoding=\"async\" src=\"http:\/\/www.iashandling.aero\/wp-content\/uploads\/2021\/01\/firstLineWarehouseBCNAirport.jpg\" alt=\"firstLineWarehouseBCNAirport\" itemprop=\"image\" height=\"777\" width=\"1919\" title=\"firstLineWarehouseBCNAirport\" onerror=\"this.style.display='none'\"  \/>\n<h1>\n\tAeropuerto de Madrid\n\t<\/h1>\n<h3>\n\tAdolfo Su\u00e1rez Madrid-Barajas es el primer aeropuerto de Espa\u00f1a, en materia de tr\u00e1fico de pasajeros, transporte de mercanc\u00edas y operaciones. Ocupa la 5a posici\u00f3n en el ranking de aeropuertos europeos seg\u00fan los datos de la agencia Eurostat y es la decimoquinta en el mundo por tr\u00e1fico de pasajeros, seg\u00fan las estad\u00edsticas de la agencia ACI. Barajas sirve como puerta de entrada a la pen\u00ednsula ib\u00e9rica desde el resto de Europa y el mundo y es un v\u00ednculo clave entre Europa y Am\u00e9rica Latina.\n\t<\/h3>\n\t\t\t\t<img loading=\"lazy\" decoding=\"async\" src=\"http:\/\/www.iashandling.aero\/wp-content\/uploads\/2021\/01\/runway.svg\" alt=\"runway\" itemprop=\"image\" height=\"300\" width=\"300\" height=\"150\" width=\"150\" height=\"300\" width=\"300\" height=\"1024\" width=\"1024\" title=\"runway\" onerror=\"this.style.display='none'\"  \/>\n\t<strong>4,350 m<\/strong><br \/>\n<strong>ILS cat.III<\/strong>\n\t\t\t\t<img loading=\"lazy\" decoding=\"async\" src=\"http:\/\/www.iashandling.aero\/wp-content\/uploads\/2021\/01\/day-and-night.svg\" alt=\"day-and-night\" itemprop=\"image\" height=\"300\" width=\"300\" height=\"150\" width=\"150\" height=\"300\" width=\"300\" height=\"1024\" width=\"1024\" title=\"day-and-night\" onerror=\"this.style.display='none'\"  \/>\n\t<p><strong>24\/7<\/strong><\/p>\n\t\t\t\t<img loading=\"lazy\" decoding=\"async\" src=\"http:\/\/www.iashandling.aero\/wp-content\/uploads\/2021\/01\/forecast.svg\" alt=\"forecast\" itemprop=\"image\" height=\"300\" width=\"300\" height=\"150\" width=\"150\" height=\"300\" width=\"300\" height=\"1024\" width=\"1024\" title=\"forecast\" onerror=\"this.style.display='none'\"  \/>\n\t<strong>2019 -&gt; 560.000 t<\/strong><br \/>\n<strong>Pron\u00f3stico 2023 -&gt; 1.120.000 t<\/strong>\n\t\t\t\t<img loading=\"lazy\" decoding=\"async\" src=\"http:\/\/www.iashandling.aero\/wp-content\/uploads\/2021\/01\/customClearance.svg\" alt=\"customClearance\" itemprop=\"image\" height=\"300\" width=\"300\" height=\"150\" width=\"150\" height=\"300\" width=\"300\" height=\"1024\" width=\"1024\" title=\"customClearance\" onerror=\"this.style.display='none'\"  \/>\n\t<strong>Despacho<br \/>\nde Aduanas<\/strong>\n\t\t\t\t<img loading=\"lazy\" decoding=\"async\" src=\"http:\/\/www.iashandling.aero\/wp-content\/uploads\/2021\/01\/logisticsServices.svg\" alt=\"logisticsServices\" itemprop=\"image\" height=\"300\" width=\"300\" height=\"150\" width=\"150\" height=\"300\" width=\"300\" height=\"1024\" width=\"1024\" title=\"logisticsServices\" onerror=\"this.style.display='none'\"  \/>\n\t<strong>M\u00e1s de 100<\/strong><br \/>\nProveedores de Servicios Log\u00edsticos\n\t\t\t\t<img loading=\"lazy\" decoding=\"async\" src=\"http:\/\/www.iashandling.aero\/wp-content\/uploads\/2021\/01\/multimodal.svg\" alt=\"multimodal\" itemprop=\"image\" height=\"300\" width=\"300\" height=\"150\" width=\"150\" height=\"300\" width=\"300\" height=\"1024\" width=\"1024\" title=\"multimodal\" onerror=\"this.style.display='none'\"  \/>\n\t<p><strong>Multimodal<\/strong><\/p>\n<h1>\n\tIAS Madrid\n\t<\/h1>\n\t<p>Desde 2020 IAS Handling cuenta con presencia activa en el Aeropuerto de Madrid, con un almac\u00e9n de segunda l\u00ednea de <strong>3000 m2 y un almac\u00e9n de primera l\u00ednea subcontratado de 800 m2 con acceso de seguridad a plataforma<\/strong>.<\/p>\n\t\t\t\t<img loading=\"lazy\" decoding=\"async\" src=\"http:\/\/www.iashandling.aero\/wp-content\/uploads\/2021\/01\/firstLineWarehouseMADAirport.jpg\" alt=\"firstLineWarehouseMADAirport\" itemprop=\"image\" height=\"776\" width=\"1919\" title=\"firstLineWarehouseMADAirport\" onerror=\"this.style.display='none'\"  \/>\n<h3>\n\tAeropuertos Cubiertos\n\t<\/h3>\n\t\t\tBCN\n\t\t<p>Aeropuerto de <strong>Josep Tarradellas Barcelona-El Prat<\/strong><\/p>\n<p>Estel Polar, Parcel 1, 5 A2 Cargoparc<\/p>\n<p>08820 El Prat de Llobregat (Barcelona)<\/p>\n<p><a href=\"mailto:pgarcia@iashandling.aero \">pgarcia@iashandling.aero <\/a><\/p>\n<p><a href=\"mailto:rbagen@iashandling.aero \">rbagen@iashandling.aero <\/a><\/p>\n<p>(BCN) +34 934 780 449<\/p>\n\t\t\tMAD\n\t\t<p>Aeropuerto de <strong>Madrid-Barajas Adolfo Su\u00e1rez<\/strong><\/p>\n<p>Centro de Carga A\u00e9rea, C\/November s \/n. Rampa 7 Parcela I.2b<\/p>\n<p>28042 Barajas (Madrid)<\/p>\n<p><a href=\"mailto:jagua@iashandling.aero\">jagua@iashandling.aero<\/a><\/p>\n<p><a href=\"mailto:rbagen@iashandling.aero \">rbagen@iashandling.aero <\/a><\/p>\n<p>(MAD) +34 917 370 954<\/p>\n\t\t\tAGP\n\t\t<p>Aeropuerto de <strong>M\u00e1laga &#8211; Costa del Sol<\/strong><\/p>\n<p>Nueva Terminal de Carga, Avda. Garcia Morato s\/n ,Aeropuerto de M\u00e1laga<\/p>\n<p>29004 M\u00e1laga<\/p>\n<p><a href=\"mailto:pgarcia@iashandling.aero \">pgarcia@iashandling.aero <\/a><\/p>\n<p><a href=\"mailto:rbagen@iashandling.aero \">rbagen@iashandling.aero <\/a><\/p>\n<p>(BCN) +34 934 780 449<\/p>\n<p>(MAD) +34 917 370 954<\/p>\n\t\t\tALC\n\t\t<p>Aeropuerto de <strong>Alicante &#8211; Elche<\/strong><\/p>\n<p>TERMINAL DE CARGA, Aeropuerto El Altet<\/p>\n<p>03195 El Altet, Alicante<\/p>\n<p><a href=\"mailto:pgarcia@iashandling.aero \">pgarcia@iashandling.aero <\/a><\/p>\n<p><a href=\"mailto:rbagen@iashandling.aero \">rbagen@iashandling.aero <\/a><\/p>\n<p>(BCN) +34 934 780 449<\/p>\n<p>(MAD) +34 917 370 954<\/p>\n\t\t\tBIO\n\t\t<p>Aeropuerto de <strong>Bilbao<\/strong><\/p>\n<p>TERMINAL DE CARGA, Aeropuerto Bilbao, 48150 Sondika, Vizcaya<\/p>\n<p><a href=\"mailto:pgarcia@iashandling.aero \">pgarcia@iashandling.aero <\/a><\/p>\n<p><a href=\"mailto:rbagen@iashandling.aero \">rbagen@iashandling.aero <\/a><\/p>\n<p>(BCN) +34 934 780 449<\/p>\n<p>(MAD) +34 917 370 954<\/p>\n\t\t\tSVQ\n\t\t<p>Aeropuerto de <strong>Sevilla &#8211; San Pablo<\/strong><\/p>\n<p>TERMINAL DE CARGA, Aeropuerto San Pablo, Sevilla. 41020 Sevilla<\/p>\n<p><a href=\"mailto:pgarcia@iashandling.aero \">pgarcia@iashandling.aero <\/a><\/p>\n<p><a href=\"mailto:rbagen@iashandling.aero \">rbagen@iashandling.aero <\/a><\/p>\n<p>(BCN) +34 934 780 449<\/p>\n<p>(MAD) +34 917 370 954<\/p>\n\t\t\tVLC\n\t\t<p>Aeropuerto de <strong>Manises<\/strong><\/p>\n<p>ADDRESS: TERMINAL DE CARGA, Aeropuerto Valencia, Manises. Valencia<\/p>\n<p><a href=\"mailto:pgarcia@iashandling.aero \">pgarcia@iashandling.aero <\/a><\/p>\n<p><a href=\"mailto:rbagen@iashandling.aero \">rbagen@iashandling.aero <\/a><\/p>\n<p>(BCN) +34 934 780 449<\/p>\n<p>(MAD) +34 917 370 954<\/p>\n\t\t\tZAZ\n\t\t<p>Aeropuerto de <strong>Zaragoza<\/strong><\/p>\n<p>TERMINAL DE CARGA, Aeropuerto Zaragoza, Garrapinillos. 50190 Zaragoza<\/p>\n<p><a href=\"mailto:pgarcia@iashandling.aero \">pgarcia@iashandling.aero <\/a><\/p>\n<p><a href=\"mailto:rbagen@iashandling.aero \">rbagen@iashandling.aero <\/a><\/p>\n<p>(BCN) +34 934 780 449<\/p>\n<p>(MAD) +34 917 370 954<\/p>\n\t\t\tTFN\n\t\t<p>Aeropuerto de <strong>Tenerife Norte<\/strong><\/p>\n<p>TERMINAL DE CARGA, Nueva Zona carga Cabecera 11, Aeropuerto Los Rodeos 38297 La Laguna Tenerife<\/p>\n<p><a href=\"mailto:pgarcia@iashandling.aero \">pgarcia@iashandling.aero <\/a><\/p>\n<p><a href=\"mailto:rbagen@iashandling.aero \">rbagen@iashandling.aero <\/a><\/p>\n<p>(BCN) +34 934 780 449<\/p>\n<p>(MAD) +34 917 370 954<\/p>\n\t\t\tTFS\n\t\t<p>Aeropuerto de <strong>Tenerife Sur<\/strong><\/p>\n<p>TERMINAL DE CARGA, Aeropuerto \u00a0Reina Sofia, Granadilla de Abona, Tenerife<\/p>\n<p><a href=\"mailto:pgarcia@iashandling.aero \">pgarcia@iashandling.aero <\/a><\/p>\n<p><a href=\"mailto:rbagen@iashandling.aero \">rbagen@iashandling.aero <\/a><\/p>\n<p>(BCN) +34 934 780 449<\/p>\n<p>(MAD) +34 917 370 954<\/p>\n\t\t\tSPC\n\t\t<p>Aeropuerto de <strong>La Palma<\/strong><\/p>\n<p>TERMINAL DE CARGA, Ctra. La Bajita s\/n, Aeropuerto de La Palma, 38730 La Palma<\/p>\n<p><a href=\"mailto:pgarcia@iashandling.aero \">pgarcia@iashandling.aero <\/a><\/p>\n<p><a href=\"mailto:rbagen@iashandling.aero \">rbagen@iashandling.aero <\/a><\/p>\n<p>(BCN) +34 934 780 449<\/p>\n<p>(MAD) +34 917 370 954<\/p>\n\t\t\tPMI\n\t\t<p>Aeropuerto de <strong>Palma de Mallorca<\/strong><\/p>\n<p>TERMINAL DE CARGA, Zona modular de Carga, Zona industrial Sur, Aeropuerto Son San Joan\u00a007611 Palma de Mallorca<\/p>\n<p><a href=\"mailto:pgarcia@iashandling.aero \">pgarcia@iashandling.aero <\/a><\/p>\n<p><a href=\"mailto:rbagen@iashandling.aero \">rbagen@iashandling.aero <\/a><\/p>\n<p>(BCN) +34 934 780 449<\/p>\n<p>(MAD) +34 917 370 954<\/p>\n","protected":false},"excerpt":{"rendered":"<p>Almac\u00e9n de 7600 m2 Almac\u00e9n de primera l\u00ednea de 9600 m2 Acceso a plataforma controlado por seguridad 7600 m2 de zona oficinas y c\u00e1maras de fr\u00edo 7,700m AWB&#8217;s 8,000 Toneladas de mercanc\u00edas 7,700m AWB&#8217;s 24 Aeropuertos cubiertos 8,000 Toneladas de mercanc\u00edas Puntos clave Handling en rampa. Equipo humano experimentado y capacitado para ofrecer un servicio&#8230;<\/p>\n","protected":false},"author":1,"featured_media":0,"parent":0,"menu_order":0,"comment_status":"closed","ping_status":"closed","template":"","meta":{"footnotes":""},"yoast_head":"<!-- This site is optimized with the Yoast SEO plugin v16.7 - https:\/\/yoast.com\/wordpress\/plugins\/seo\/ -->\n<title>Instalaciones - IAS Handling<\/title>\n<meta name=\"robots\" content=\"index, follow, max-snippet:-1, max-image-preview:large, max-video-preview:-1\" \/>\n<link rel=\"canonical\" href=\"https:\/\/www.iashandling.aero\/es\/instalaciones\/\" \/>\n<meta property=\"og:locale\" content=\"es_ES\" \/>\n<meta property=\"og:type\" content=\"article\" \/>\n<meta property=\"og:title\" content=\"Instalaciones - IAS Handling\" \/>\n<meta property=\"og:description\" content=\"Almac\u00e9n de 7600 m2 Almac\u00e9n de primera l\u00ednea de 9600 m2 Acceso a plataforma controlado por seguridad 7600 m2 de zona oficinas y c\u00e1maras de fr\u00edo 7,700m AWB&#8217;s 8,000 Toneladas de mercanc\u00edas 7,700m AWB&#8217;s 24 Aeropuertos cubiertos 8,000 Toneladas de mercanc\u00edas Puntos clave Handling en rampa. Equipo humano experimentado y capacitado para ofrecer un servicio...\" \/>\n<meta property=\"og:url\" content=\"https:\/\/www.iashandling.aero\/es\/instalaciones\/\" \/>\n<meta property=\"og:site_name\" content=\"IAS Handling\" \/>\n<meta property=\"article:modified_time\" content=\"2024-02-08T17:03:48+00:00\" \/>\n<meta property=\"og:image\" content=\"http:\/\/www.iashandling.aero\/wp-content\/uploads\/2019\/07\/warehouse-ias-2-1024x683.jpg\" \/>\n<meta name=\"twitter:card\" content=\"summary_large_image\" \/>\n<meta name=\"twitter:label1\" content=\"Tiempo de lectura\" \/>\n\t<meta name=\"twitter:data1\" content=\"4 minutos\" \/>\n<!-- \/ Yoast SEO plugin. -->","yoast_head_json":{"title":"Instalaciones - IAS Handling","robots":{"index":"index","follow":"follow","max-snippet":"max-snippet:-1","max-image-preview":"max-image-preview:large","max-video-preview":"max-video-preview:-1"},"canonical":"https:\/\/www.iashandling.aero\/es\/instalaciones\/","og_locale":"es_ES","og_type":"article","og_title":"Instalaciones - IAS Handling","og_description":"Almac\u00e9n de 7600 m2 Almac\u00e9n de primera l\u00ednea de 9600 m2 Acceso a plataforma controlado por seguridad 7600 m2 de zona oficinas y c\u00e1maras de fr\u00edo 7,700m AWB&#8217;s 8,000 Toneladas de mercanc\u00edas 7,700m AWB&#8217;s 24 Aeropuertos cubiertos 8,000 Toneladas de mercanc\u00edas Puntos clave Handling en rampa. Equipo humano experimentado y capacitado para ofrecer un servicio...","og_url":"https:\/\/www.iashandling.aero\/es\/instalaciones\/","og_site_name":"IAS Handling","article_modified_time":"2024-02-08T17:03:48+00:00","og_image":[{"url":"http:\/\/www.iashandling.aero\/wp-content\/uploads\/2019\/07\/warehouse-ias-2-1024x683.jpg"}],"twitter_card":"summary_large_image","twitter_misc":{"Tiempo de lectura":"4 minutos"},"schema":{"@context":"https:\/\/schema.org","@graph":[{"@type":"Organization","@id":"https:\/\/www.iashandling.aero\/es\/#organization","name":"IAS Handling","url":"https:\/\/www.iashandling.aero\/es\/","sameAs":["https:\/\/www.linkedin.com\/company\/ias-handling\/"],"logo":{"@type":"ImageObject","@id":"https:\/\/www.iashandling.aero\/es\/#logo","inLanguage":"es","url":"http:\/\/www.iashandling.aero\/wp-content\/uploads\/2021\/05\/logo-ias.svg","contentUrl":"http:\/\/www.iashandling.aero\/wp-content\/uploads\/2021\/05\/logo-ias.svg","width":"1024","height":"1024","caption":"IAS Handling"},"image":{"@id":"https:\/\/www.iashandling.aero\/es\/#logo"}},{"@type":"WebSite","@id":"https:\/\/www.iashandling.aero\/es\/#website","url":"https:\/\/www.iashandling.aero\/es\/","name":"IAS Handling","description":"International Airport Services","publisher":{"@id":"https:\/\/www.iashandling.aero\/es\/#organization"},"potentialAction":[{"@type":"SearchAction","target":{"@type":"EntryPoint","urlTemplate":"https:\/\/www.iashandling.aero\/es\/?s={search_term_string}"},"query-input":"required name=search_term_string"}],"inLanguage":"es"},{"@type":"ImageObject","@id":"https:\/\/www.iashandling.aero\/es\/instalaciones\/#primaryimage","inLanguage":"es","url":"http:\/\/www.iashandling.aero\/wp-content\/uploads\/2019\/07\/warehouse-ias-2-1024x683.jpg","contentUrl":"http:\/\/www.iashandling.aero\/wp-content\/uploads\/2019\/07\/warehouse-ias-2-1024x683.jpg"},{"@type":"WebPage","@id":"https:\/\/www.iashandling.aero\/es\/instalaciones\/#webpage","url":"https:\/\/www.iashandling.aero\/es\/instalaciones\/","name":"Instalaciones - IAS Handling","isPartOf":{"@id":"https:\/\/www.iashandling.aero\/es\/#website"},"primaryImageOfPage":{"@id":"https:\/\/www.iashandling.aero\/es\/instalaciones\/#primaryimage"},"datePublished":"2021-01-29T10:16:58+00:00","dateModified":"2024-02-08T17:03:48+00:00","breadcrumb":{"@id":"https:\/\/www.iashandling.aero\/es\/instalaciones\/#breadcrumb"},"inLanguage":"es","potentialAction":[{"@type":"ReadAction","target":["https:\/\/www.iashandling.aero\/es\/instalaciones\/"]}]},{"@type":"BreadcrumbList","@id":"https:\/\/www.iashandling.aero\/es\/instalaciones\/#breadcrumb","itemListElement":[{"@type":"ListItem","position":1,"name":"Home","item":"https:\/\/www.iashandling.aero\/es\/"},{"@type":"ListItem","position":2,"name":"Instalaciones"}]}]}},"jetpack_sharing_enabled":true,"_links":{"self":[{"href":"https:\/\/www.iashandling.aero\/es\/wp-json\/wp\/v2\/pages\/19344"}],"collection":[{"href":"https:\/\/www.iashandling.aero\/es\/wp-json\/wp\/v2\/pages"}],"about":[{"href":"https:\/\/www.iashandling.aero\/es\/wp-json\/wp\/v2\/types\/page"}],"author":[{"embeddable":true,"href":"https:\/\/www.iashandling.aero\/es\/wp-json\/wp\/v2\/users\/1"}],"replies":[{"embeddable":true,"href":"https:\/\/www.iashandling.aero\/es\/wp-json\/wp\/v2\/comments?post=19344"}],"version-history":[{"count":18,"href":"https:\/\/www.iashandling.aero\/es\/wp-json\/wp\/v2\/pages\/19344\/revisions"}],"predecessor-version":[{"id":19871,"href":"https:\/\/www.iashandling.aero\/es\/wp-json\/wp\/v2\/pages\/19344\/revisions\/19871"}],"wp:attachment":[{"href":"https:\/\/www.iashandling.aero\/es\/wp-json\/wp\/v2\/media?parent=19344"}],"curies":[{"name":"wp","href":"https:\/\/api.w.org\/{rel}","templated":true}]}}