{"id":20223,"date":"2026-01-30T11:25:40","date_gmt":"2026-01-30T10:25:40","guid":{"rendered":"https:\/\/www.iashandling.aero\/?page_id=20223"},"modified":"2026-02-09T17:19:08","modified_gmt":"2026-02-09T16:19:08","slug":"centro-carga-aerea","status":"publish","type":"page","link":"https:\/\/www.iashandling.aero\/es\/centro-carga-aerea\/","title":{"rendered":"Centro de carga A\u00e9rea"},"content":{"rendered":"<h2>\n\tHow <b>can we help?<\/b>\n\t<\/h2>\n\t<p>Our mission at Morz is to create measurable value for our stakeholders while serving our customers, our team members and our community. Treating others with respect and compassion is at the core of the ITS philosophy and we provide a safe working environment for our employees and offer them opportunities to grow, both personally and professionally. This belief also extends to our community, where we work to provide economic stability through quality employment opportunities and give back whenever we can.<\/p>\n<p>We are proud to have led the way in Morz since 1999. Simply put, we provide creative logistics solutions with our asset-based dedicated and expedited fleet, warehousing and distribution services and nationwide multi-modal freight brokerage. Based on our dependable work ethic, company culture and values and the highest level of service in the industry\u2014our vision is to achieve excellence in everything that we do.<\/p>\n<p>When the company founders started Morz Logistics, they vowed to create a company that was built on strong family values\u2014respect, integrity and compassion\u2014and a true work-life balance. They committed to work hard for each other, their employees, their clients and their community, building relationships that would grow and bring success for everyone involved. We at ITS Logistics are proud of what we\u2019ve accomplished so far, and look forward to our future success together.<\/p>\n<h3>\n\tStats &#038; Charts\n\t<\/h3>\n\t<p>Morz Logistics was founded by CEO Jeff Lynch, COO Darryl Bader and CFO Dan Allen. They signed the first dedicated agreement with CLIF Bar and started with a 40,000 sq. ft. warehouse and two trucks\u2014and became a $1 million company in the first full year.<\/p>\n<p>The company expanded to dedicated fleet services and added an additional 27,000 sq. ft. of warehousing space. ITS also signed its first contracts with Starbucks and Amazon and grew to 12 trucks and more than 40 employees.<\/p>\n<p>Morz moved its corporate office and primary warehouse into a 172,000 sq. ft. space in Sparks, Nevada. The company also added pool distribution service, dedicated one-way service and grew to more than 50 trucks.<\/p>\n<p>Seeing more opportunity, Morz expanded its brokerage service into a nationwide multi-modal freight brokerage division.hey signed the first dedicated agreement with CLIF Bar and started with a 40,000 sq. ft. warehouse and two trucks\u2014and became a $1 million company in the first full year.<\/p>\n\t<p>[easy_chart chart_id=&#8217;12724&#8242;]<\/p>\n<h2>\n\tOur <b>Solutions<\/b>\n\t<\/h2>\n<h4>\n\t\t\t<a href=\"\/chemicals\/\" title=\"Chemicals\" target=\"_self\" rel=\"noopener noreferrer\">\n\tChemicals\n\t\t\t<\/a>\n\t<\/h4>\n\t<p>Tackling safety, environmental regulations &#038; transportation of dangerous goods.<\/p>\n<h4>\n\t\t\t<a href=\"\/automotive\/\" title=\"Automotive\" target=\"_self\" rel=\"noopener noreferrer\">\n\tAutomotive\n\t\t\t<\/a>\n\t<\/h4>\n\t<p>We specialise in covered car transport, enclosed car transport and international car transport.<\/p>\n<h4>\n\t\t\t<a href=\"\/groupage\/\" title=\"Groupage\" target=\"_self\" rel=\"noopener noreferrer\">\n\tGroupage\n\t\t\t<\/a>\n\t<\/h4>\n\t<p>We offer you a dependable and fast delivery of smaller shipments door to door.<\/p>\n<h2>\n\tOur <b>Expertise<\/b>\n\t<\/h2>\n\t\t\tCOMMERCIAL\n\t\t<p>Our Sales Consultant will be available to advise and guide you throughout the move process. Our coordinators are focused on ensuring that every move runs smoothly, from departure to arrival.<\/p>\n<p>They analyse the needs of the client from the very first contact. In particular, during the technical visit their expertise is used to assess the weight and volume of the consignment, as well as consider other factors which may affect the move, such as loading restrictions, access to the property, or tight corners.<\/p>\n<p>They ensure that best practice is applied throughout the move process to achieve complete customer satisfaction.<\/p>\n\t\t\tTECHNICAL\n\t\t<p>We use skilled packers and movers using quality packing material to protect your belongings.<\/p>\n<p>Owing to its reputation as a quality removals company and to the volume of its traffic, the AGS Group is in a position to permanently employ a large number of packers. We have also been able to develop new materials to contain and protect your items as customer needs change. Custom-made containers can also be made for special items. See Packing for more information.<\/p>\n\t\t\tLOCALIZATION\n\t\t<p>Owing to its reputation as a quality removals company and to the volume of its traffic, the AGS Group is in a position to permanently employ a large number of packers. We have also been able to develop new materials to contain and protect your items as customer needs change.<\/p>\n<h2>\n\tInsights\n\t<\/h2>\n\t<meta itemprop=\"datePublished\" content=\"2017-09-01\" \/><meta itemprop=\"dateModified\" content=\"2018-01-18\" \/><meta itemprop=\"name\" content=\"Morz\"\/><meta itemprop=\"url\" content=\"https:\/\/morz.vamtam.com\"\/><meta itemprop=\"url\" content=\"http:\/\/www.iashandling.aero\/wp-content\/uploads\/2018\/01\/logo.svg\"\/><meta itemprop=\"url\" content=\"https:\/\/morz.vamtam.com\/author\/admin\/\" \/><meta itemprop=\"name\" content=\"Matthew Stone\" \/><meta itemprop=\"url\" content=\"http:\/\/www.iashandling.aero\/wp-content\/uploads\/2018\/01\/header-3.jpg\" \/><meta itemprop=\"width\" content=\"1300\" \/><meta itemprop=\"height\" content=\"1300\" \/><meta itemprop=\"interactionType\" content=\"http:\/\/schema.org\/CommentAction\" \/><meta itemprop=\"userInteractionCount\" content=\"0\" \/>\t\n\t\t\t\t\t\t\t<a href=\"https:\/\/morz.vamtam.com\/renews-in-malaysia\/\" title=\"Colgate-Palmolive renews with Morz in Malaysia\">\n\t\t\t\t\t<img loading=\"lazy\" decoding=\"async\" width=\"1260\" height=\"969\" src=\"http:\/\/www.iashandling.aero\/wp-content\/uploads\/2018\/01\/header-3-1260x969.jpg\" alt=\"\" srcset=\"data:image\/svg+xml;utf8,&lt;svg%20xmlns=&quot;http:\/\/www.w3.org\/2000\/svg&quot;%20viewBox=&quot;0%200%201260%20969&quot;%20height=&quot;969px&quot;%20width=&quot;1260px&quot;\/&gt;\" data-srcset=\"http:\/\/www.iashandling.aero\/wp-content\/uploads\/2018\/01\/header-3-1260x969.jpg 1260w, http:\/\/www.iashandling.aero\/wp-content\/uploads\/2018\/01\/header-3-615x473.jpg 615w, http:\/\/www.iashandling.aero\/wp-content\/uploads\/2018\/01\/header-3-1230x946.jpg 1230w, http:\/\/www.iashandling.aero\/wp-content\/uploads\/2018\/01\/header-3-400x307.jpg 400w, http:\/\/www.iashandling.aero\/wp-content\/uploads\/2018\/01\/header-3-800x615.jpg 800w, http:\/\/www.iashandling.aero\/wp-content\/uploads\/2018\/01\/header-3-292x225.jpg 292w, http:\/\/www.iashandling.aero\/wp-content\/uploads\/2018\/01\/header-3-585x450.jpg 585w\" sizes=\"(min-width: 900px) 50vw, 100vw\" data-attachment-id=\"15792\" data-permalink=\"https:\/\/morz.vamtam.com\/standard-jetpack-gallery\/header-3-2\/\" data-orig-file=\"http:\/\/www.iashandling.aero\/wp-content\/uploads\/2018\/01\/header-3.jpg\" data-orig-size=\"1300,1300\" data-comments-opened=\"0\" data-image-meta=\"{&quot;aperture&quot;:&quot;0&quot;,&quot;credit&quot;:&quot;&quot;,&quot;camera&quot;:&quot;&quot;,&quot;caption&quot;:&quot;&quot;,&quot;created_timestamp&quot;:&quot;0&quot;,&quot;copyright&quot;:&quot;&quot;,&quot;focal_length&quot;:&quot;0&quot;,&quot;iso&quot;:&quot;0&quot;,&quot;shutter_speed&quot;:&quot;0&quot;,&quot;title&quot;:&quot;&quot;,&quot;orientation&quot;:&quot;1&quot;}\" data-image-title=\"header-3\" data-image-description=\"\" data-medium-file=\"http:\/\/www.iashandling.aero\/wp-content\/uploads\/2018\/01\/header-3-500x500.jpg\" data-large-file=\"http:\/\/www.iashandling.aero\/wp-content\/uploads\/2018\/01\/header-3-1224x1224.jpg\" \/>\t\t\t\t\tvamtam-theme-circle-post\t\t\t\t<\/a>\n\t\t\t\t&#57452; Category <a href=\"https:\/\/morz.vamtam.com\/category\/delivery\/\" rel=\"category tag\">Delivery<\/a> <a href=\"https:\/\/morz.vamtam.com\/category\/package\/\" rel=\"category tag\">Package<\/a> <a href=\"https:\/\/morz.vamtam.com\/category\/transport\/\" rel=\"category tag\">Transport<\/a>\n\t\t\t\t\t\t\t<header>\n\t\t\t\t<h3>\n\t\t\t\t\t<a href=\"https:\/\/morz.vamtam.com\/renews-in-malaysia\/\" title=\"Colgate-Palmolive renews with Morz in Malaysia\">Colgate-Palmolive renews with Morz in Malaysia<\/a>\n\t\t\t\t<\/h3>\n\t\t<\/header>\n\t\t<a href=\"https:\/\/morz.vamtam.com\/renews-in-malaysia\/\" title=\"Colgate-Palmolive renews with Morz in Malaysia\">\n\t\t\tSeptember 1, 2017\t\t<\/a>\n\t<a href=\"https:\/\/morz.vamtam.com\/wp-admin\/post.php?post=6748&#038;action=edit\">&#57353;Edit<\/a>\n\t\t\t\tSingapore 16 January, 2018 \u2013 Morz Logistics, one of the world\u2019s largest supply chain management&#8230;\t\t\t\n\t\t\t\t\t&#57461; Tags <a href=\"https:\/\/morz.vamtam.com\/tag\/air\/\" rel=\"tag\">Air<\/a>\t\t\t\t\n\t\t\t<a href=\"https:\/\/morz.vamtam.com\/renews-in-malaysia\/\" target=\"_self\" role=\"button\" rel=\"noopener noreferrer\">\n\t\t\t\tRead More\n\t\t\t<\/a>\n","protected":false},"excerpt":{"rendered":"<p>How can we help? Our mission at Morz is to create measurable value for our stakeholders while serving our customers, our team members and our community. Treating others with respect and compassion is at the core of the ITS philosophy and we provide a safe working environment for our employees and offer them opportunities to&#8230;<\/p>\n","protected":false},"author":4,"featured_media":0,"parent":0,"menu_order":0,"comment_status":"closed","ping_status":"closed","template":"","meta":{"footnotes":""},"yoast_head":"<!-- This site is optimized with the Yoast SEO plugin v16.7 - https:\/\/yoast.com\/wordpress\/plugins\/seo\/ -->\n<title>Centro de carga a\u00e9rea en Barcelona y Madrid | IAS Handling<\/title>\n<meta name=\"description\" content=\"Centro de carga a\u00e9rea en Barcelona y Madrid para env\u00edos urgentes: recepci\u00f3n, documentaci\u00f3n, seguridad y coordinaci\u00f3n con aerol\u00edneas para exportaci\u00f3n e importaci\u00f3n.\" \/>\n<meta name=\"robots\" content=\"index, follow, max-snippet:-1, max-image-preview:large, max-video-preview:-1\" \/>\n<link rel=\"canonical\" href=\"https:\/\/www.iashandling.aero\/es\/centro-carga-aerea\/\" \/>\n<meta property=\"og:locale\" content=\"es_ES\" \/>\n<meta property=\"og:type\" content=\"article\" \/>\n<meta property=\"og:title\" content=\"Centro de carga a\u00e9rea en Barcelona y Madrid | IAS Handling\" \/>\n<meta property=\"og:description\" content=\"Centro de carga a\u00e9rea en Barcelona y Madrid para env\u00edos urgentes: recepci\u00f3n, documentaci\u00f3n, seguridad y coordinaci\u00f3n con aerol\u00edneas para exportaci\u00f3n e importaci\u00f3n.\" \/>\n<meta property=\"og:url\" content=\"https:\/\/www.iashandling.aero\/es\/centro-carga-aerea\/\" \/>\n<meta property=\"og:site_name\" content=\"IAS Handling\" \/>\n<meta property=\"article:modified_time\" content=\"2026-02-09T16:19:08+00:00\" \/>\n<meta property=\"og:image\" content=\"http:\/\/www.iashandling.aero\/wp-content\/uploads\/2018\/01\/header-3-1260x969.jpg\" \/>\n<meta name=\"twitter:card\" content=\"summary_large_image\" \/>\n<meta name=\"twitter:label1\" content=\"Tiempo de lectura\" \/>\n\t<meta name=\"twitter:data1\" content=\"3 minutos\" \/>\n<!-- \/ Yoast SEO plugin. -->","yoast_head_json":{"title":"Centro de carga a\u00e9rea en Barcelona y Madrid | IAS Handling","description":"Centro de carga a\u00e9rea en Barcelona y Madrid para env\u00edos urgentes: recepci\u00f3n, documentaci\u00f3n, seguridad y coordinaci\u00f3n con aerol\u00edneas para exportaci\u00f3n e importaci\u00f3n.","robots":{"index":"index","follow":"follow","max-snippet":"max-snippet:-1","max-image-preview":"max-image-preview:large","max-video-preview":"max-video-preview:-1"},"canonical":"https:\/\/www.iashandling.aero\/es\/centro-carga-aerea\/","og_locale":"es_ES","og_type":"article","og_title":"Centro de carga a\u00e9rea en Barcelona y Madrid | IAS Handling","og_description":"Centro de carga a\u00e9rea en Barcelona y Madrid para env\u00edos urgentes: recepci\u00f3n, documentaci\u00f3n, seguridad y coordinaci\u00f3n con aerol\u00edneas para exportaci\u00f3n e importaci\u00f3n.","og_url":"https:\/\/www.iashandling.aero\/es\/centro-carga-aerea\/","og_site_name":"IAS Handling","article_modified_time":"2026-02-09T16:19:08+00:00","og_image":[{"url":"http:\/\/www.iashandling.aero\/wp-content\/uploads\/2018\/01\/header-3-1260x969.jpg"}],"twitter_card":"summary_large_image","twitter_misc":{"Tiempo de lectura":"3 minutos"},"schema":{"@context":"https:\/\/schema.org","@graph":[{"@type":"Organization","@id":"https:\/\/www.iashandling.aero\/es\/#organization","name":"IAS Handling","url":"https:\/\/www.iashandling.aero\/es\/","sameAs":["https:\/\/www.linkedin.com\/company\/ias-handling\/"],"logo":{"@type":"ImageObject","@id":"https:\/\/www.iashandling.aero\/es\/#logo","inLanguage":"es","url":"http:\/\/www.iashandling.aero\/wp-content\/uploads\/2021\/05\/logo-ias.svg","contentUrl":"http:\/\/www.iashandling.aero\/wp-content\/uploads\/2021\/05\/logo-ias.svg","width":"1024","height":"1024","caption":"IAS Handling"},"image":{"@id":"https:\/\/www.iashandling.aero\/es\/#logo"}},{"@type":"WebSite","@id":"https:\/\/www.iashandling.aero\/es\/#website","url":"https:\/\/www.iashandling.aero\/es\/","name":"IAS Handling","description":"International Airport Services","publisher":{"@id":"https:\/\/www.iashandling.aero\/es\/#organization"},"potentialAction":[{"@type":"SearchAction","target":{"@type":"EntryPoint","urlTemplate":"https:\/\/www.iashandling.aero\/es\/?s={search_term_string}"},"query-input":"required name=search_term_string"}],"inLanguage":"es"},{"@type":"ImageObject","@id":"https:\/\/www.iashandling.aero\/es\/centro-carga-aerea\/#primaryimage","inLanguage":"es","url":"http:\/\/www.iashandling.aero\/wp-content\/uploads\/2018\/01\/header-3-1260x969.jpg","contentUrl":"http:\/\/www.iashandling.aero\/wp-content\/uploads\/2018\/01\/header-3-1260x969.jpg"},{"@type":"WebPage","@id":"https:\/\/www.iashandling.aero\/es\/centro-carga-aerea\/#webpage","url":"https:\/\/www.iashandling.aero\/es\/centro-carga-aerea\/","name":"Centro de carga a\u00e9rea en Barcelona y Madrid | IAS Handling","isPartOf":{"@id":"https:\/\/www.iashandling.aero\/es\/#website"},"primaryImageOfPage":{"@id":"https:\/\/www.iashandling.aero\/es\/centro-carga-aerea\/#primaryimage"},"datePublished":"2026-01-30T10:25:40+00:00","dateModified":"2026-02-09T16:19:08+00:00","description":"Centro de carga a\u00e9rea en Barcelona y Madrid para env\u00edos urgentes: recepci\u00f3n, documentaci\u00f3n, seguridad y coordinaci\u00f3n con aerol\u00edneas para exportaci\u00f3n e importaci\u00f3n.","breadcrumb":{"@id":"https:\/\/www.iashandling.aero\/es\/centro-carga-aerea\/#breadcrumb"},"inLanguage":"es","potentialAction":[{"@type":"ReadAction","target":["https:\/\/www.iashandling.aero\/es\/centro-carga-aerea\/"]}]},{"@type":"BreadcrumbList","@id":"https:\/\/www.iashandling.aero\/es\/centro-carga-aerea\/#breadcrumb","itemListElement":[{"@type":"ListItem","position":1,"name":"Home","item":"https:\/\/www.iashandling.aero\/es\/"},{"@type":"ListItem","position":2,"name":"Centro de carga A\u00e9rea"}]}]}},"jetpack_sharing_enabled":true,"_links":{"self":[{"href":"https:\/\/www.iashandling.aero\/es\/wp-json\/wp\/v2\/pages\/20223"}],"collection":[{"href":"https:\/\/www.iashandling.aero\/es\/wp-json\/wp\/v2\/pages"}],"about":[{"href":"https:\/\/www.iashandling.aero\/es\/wp-json\/wp\/v2\/types\/page"}],"author":[{"embeddable":true,"href":"https:\/\/www.iashandling.aero\/es\/wp-json\/wp\/v2\/users\/4"}],"replies":[{"embeddable":true,"href":"https:\/\/www.iashandling.aero\/es\/wp-json\/wp\/v2\/comments?post=20223"}],"version-history":[{"count":5,"href":"https:\/\/www.iashandling.aero\/es\/wp-json\/wp\/v2\/pages\/20223\/revisions"}],"predecessor-version":[{"id":20228,"href":"https:\/\/www.iashandling.aero\/es\/wp-json\/wp\/v2\/pages\/20223\/revisions\/20228"}],"wp:attachment":[{"href":"https:\/\/www.iashandling.aero\/es\/wp-json\/wp\/v2\/media?parent=20223"}],"curies":[{"name":"wp","href":"https:\/\/api.w.org\/{rel}","templated":true}]}}